{"id":3187,"date":"2025-02-02T16:38:30","date_gmt":"2025-02-02T22:38:30","guid":{"rendered":"http:\/\/xirgoglobal.com\/pramones-sakos\/sunkiasvoriai-ir-visureigiai\/"},"modified":"2026-01-19T03:41:16","modified_gmt":"2026-01-19T09:41:16","slug":"sunkiasvoriai-ir-visureigiai","status":"publish","type":"page","link":"https:\/\/xirgoglobal.com\/lt\/pramones-sakos\/sunkiasvoriai-ir-visureigiai\/","title":{"rendered":"Traktoriai ir sunkiasvor\u0117s transporto priemon\u0117s"},"content":{"rendered":"","protected":false},"excerpt":{"rendered":"","protected":false},"author":2,"featured_media":4782,"parent":3175,"menu_order":0,"comment_status":"closed","ping_status":"closed","template":"","meta":{"_acf_changed":false,"footnotes":""},"hf_cat_page":[],"class_list":["post-3187","page","type-page","status-publish","has-post-thumbnail","hentry"],"acf":[],"yoast_head":"<!-- This site is optimized with the Yoast SEO plugin v27.4 - https:\/\/yoast.com\/product\/yoast-seo-wordpress\/ -->\n<title>Sunkiosios technikos sekimo sprendimai | Xirgo Global<\/title>\n<meta name=\"description\" content=\"Nuotolinio sunkiosios \u012frangos steb\u0117jimo realiuoju laiku sprendimai sistemos, vietos ir atskiros \u012frangos lygmenimis, padedantys priimti sprendimus.\" \/>\n<meta name=\"robots\" content=\"index, follow, max-snippet:-1, max-image-preview:large, max-video-preview:-1\" \/>\n<link rel=\"canonical\" href=\"https:\/\/xirgoglobal.com\/lt\/pramones-sakos\/sunkiasvoriai-ir-visureigiai\/\" \/>\n<meta property=\"og:locale\" content=\"lt_LT\" \/>\n<meta property=\"og:type\" content=\"article\" \/>\n<meta property=\"og:title\" content=\"Sunkiosios technikos sekimo sprendimai | Xirgo Global\" \/>\n<meta property=\"og:description\" content=\"Nuotolinio sunkiosios \u012frangos steb\u0117jimo realiuoju laiku sprendimai sistemos, vietos ir atskiros \u012frangos lygmenimis, padedantys priimti sprendimus.\" \/>\n<meta property=\"og:url\" content=\"https:\/\/xirgoglobal.com\/lt\/pramones-sakos\/sunkiasvoriai-ir-visureigiai\/\" \/>\n<meta property=\"og:site_name\" content=\"Xirgo Global\" \/>\n<meta property=\"article:modified_time\" content=\"2026-01-19T09:41:16+00:00\" \/>\n<meta property=\"og:image\" content=\"https:\/\/xirgoglobal.com\/wp-content\/uploads\/2025\/08\/AgHE_hero_crop.webp\" \/>\n\t<meta property=\"og:image:width\" content=\"1433\" \/>\n\t<meta property=\"og:image:height\" content=\"600\" \/>\n\t<meta property=\"og:image:type\" content=\"image\/webp\" \/>\n<meta name=\"twitter:card\" content=\"summary_large_image\" \/>\n<script type=\"application\/ld+json\" class=\"yoast-schema-graph\">{\"@context\":\"https:\\\/\\\/schema.org\",\"@graph\":[{\"@type\":\"WebPage\",\"@id\":\"https:\\\/\\\/xirgoglobal.com\\\/lt\\\/pramones-sakos\\\/sunkiasvoriai-ir-visureigiai\\\/\",\"url\":\"https:\\\/\\\/xirgoglobal.com\\\/lt\\\/pramones-sakos\\\/sunkiasvoriai-ir-visureigiai\\\/\",\"name\":\"Sunkiosios technikos sekimo sprendimai | Xirgo Global\",\"isPartOf\":{\"@id\":\"https:\\\/\\\/xirgoglobal.com\\\/lt\\\/#website\"},\"primaryImageOfPage\":{\"@id\":\"https:\\\/\\\/xirgoglobal.com\\\/lt\\\/pramones-sakos\\\/sunkiasvoriai-ir-visureigiai\\\/#primaryimage\"},\"image\":{\"@id\":\"https:\\\/\\\/xirgoglobal.com\\\/lt\\\/pramones-sakos\\\/sunkiasvoriai-ir-visureigiai\\\/#primaryimage\"},\"thumbnailUrl\":\"https:\\\/\\\/xirgoglobal.com\\\/wp-content\\\/uploads\\\/2025\\\/08\\\/AgHE_hero_crop.webp\",\"datePublished\":\"2025-02-02T22:38:30+00:00\",\"dateModified\":\"2026-01-19T09:41:16+00:00\",\"description\":\"Nuotolinio sunkiosios \u012frangos steb\u0117jimo realiuoju laiku sprendimai sistemos, vietos ir atskiros \u012frangos lygmenimis, padedantys priimti sprendimus.\",\"breadcrumb\":{\"@id\":\"https:\\\/\\\/xirgoglobal.com\\\/lt\\\/pramones-sakos\\\/sunkiasvoriai-ir-visureigiai\\\/#breadcrumb\"},\"inLanguage\":\"lt-LT\",\"potentialAction\":[{\"@type\":\"ReadAction\",\"target\":[\"https:\\\/\\\/xirgoglobal.com\\\/lt\\\/pramones-sakos\\\/sunkiasvoriai-ir-visureigiai\\\/\"]}]},{\"@type\":\"ImageObject\",\"inLanguage\":\"lt-LT\",\"@id\":\"https:\\\/\\\/xirgoglobal.com\\\/lt\\\/pramones-sakos\\\/sunkiasvoriai-ir-visureigiai\\\/#primaryimage\",\"url\":\"https:\\\/\\\/xirgoglobal.com\\\/wp-content\\\/uploads\\\/2025\\\/08\\\/AgHE_hero_crop.webp\",\"contentUrl\":\"https:\\\/\\\/xirgoglobal.com\\\/wp-content\\\/uploads\\\/2025\\\/08\\\/AgHE_hero_crop.webp\",\"width\":1433,\"height\":600,\"caption\":\"heavy equipment tracking\"},{\"@type\":\"BreadcrumbList\",\"@id\":\"https:\\\/\\\/xirgoglobal.com\\\/lt\\\/pramones-sakos\\\/sunkiasvoriai-ir-visureigiai\\\/#breadcrumb\",\"itemListElement\":[{\"@type\":\"ListItem\",\"position\":1,\"name\":\"Home\",\"item\":\"https:\\\/\\\/xirgoglobal.com\\\/lt\\\/\"},{\"@type\":\"ListItem\",\"position\":2,\"name\":\"Sprendimai\",\"item\":\"https:\\\/\\\/xirgoglobal.com\\\/lt\\\/pramones-sakos\\\/\"},{\"@type\":\"ListItem\",\"position\":3,\"name\":\"Traktoriai ir sunkiasvor\u0117s transporto priemon\u0117s\"}]},{\"@type\":\"WebSite\",\"@id\":\"https:\\\/\\\/xirgoglobal.com\\\/lt\\\/#website\",\"url\":\"https:\\\/\\\/xirgoglobal.com\\\/lt\\\/\",\"name\":\"Xirgo Global\",\"description\":\"\",\"potentialAction\":[{\"@type\":\"SearchAction\",\"target\":{\"@type\":\"EntryPoint\",\"urlTemplate\":\"https:\\\/\\\/xirgoglobal.com\\\/lt\\\/?s={search_term_string}\"},\"query-input\":{\"@type\":\"PropertyValueSpecification\",\"valueRequired\":true,\"valueName\":\"search_term_string\"}}],\"inLanguage\":\"lt-LT\"}]}<\/script>\n<!-- \/ Yoast SEO plugin. -->","yoast_head_json":{"title":"Sunkiosios technikos sekimo sprendimai | Xirgo Global","description":"Nuotolinio sunkiosios \u012frangos steb\u0117jimo realiuoju laiku sprendimai sistemos, vietos ir atskiros \u012frangos lygmenimis, padedantys priimti sprendimus.","robots":{"index":"index","follow":"follow","max-snippet":"max-snippet:-1","max-image-preview":"max-image-preview:large","max-video-preview":"max-video-preview:-1"},"canonical":"https:\/\/xirgoglobal.com\/lt\/pramones-sakos\/sunkiasvoriai-ir-visureigiai\/","og_locale":"lt_LT","og_type":"article","og_title":"Sunkiosios technikos sekimo sprendimai | Xirgo Global","og_description":"Nuotolinio sunkiosios \u012frangos steb\u0117jimo realiuoju laiku sprendimai sistemos, vietos ir atskiros \u012frangos lygmenimis, padedantys priimti sprendimus.","og_url":"https:\/\/xirgoglobal.com\/lt\/pramones-sakos\/sunkiasvoriai-ir-visureigiai\/","og_site_name":"Xirgo Global","article_modified_time":"2026-01-19T09:41:16+00:00","og_image":[{"width":1433,"height":600,"url":"https:\/\/xirgoglobal.com\/wp-content\/uploads\/2025\/08\/AgHE_hero_crop.webp","type":"image\/webp"}],"twitter_card":"summary_large_image","schema":{"@context":"https:\/\/schema.org","@graph":[{"@type":"WebPage","@id":"https:\/\/xirgoglobal.com\/lt\/pramones-sakos\/sunkiasvoriai-ir-visureigiai\/","url":"https:\/\/xirgoglobal.com\/lt\/pramones-sakos\/sunkiasvoriai-ir-visureigiai\/","name":"Sunkiosios technikos sekimo sprendimai | Xirgo Global","isPartOf":{"@id":"https:\/\/xirgoglobal.com\/lt\/#website"},"primaryImageOfPage":{"@id":"https:\/\/xirgoglobal.com\/lt\/pramones-sakos\/sunkiasvoriai-ir-visureigiai\/#primaryimage"},"image":{"@id":"https:\/\/xirgoglobal.com\/lt\/pramones-sakos\/sunkiasvoriai-ir-visureigiai\/#primaryimage"},"thumbnailUrl":"https:\/\/xirgoglobal.com\/wp-content\/uploads\/2025\/08\/AgHE_hero_crop.webp","datePublished":"2025-02-02T22:38:30+00:00","dateModified":"2026-01-19T09:41:16+00:00","description":"Nuotolinio sunkiosios \u012frangos steb\u0117jimo realiuoju laiku sprendimai sistemos, vietos ir atskiros \u012frangos lygmenimis, padedantys priimti sprendimus.","breadcrumb":{"@id":"https:\/\/xirgoglobal.com\/lt\/pramones-sakos\/sunkiasvoriai-ir-visureigiai\/#breadcrumb"},"inLanguage":"lt-LT","potentialAction":[{"@type":"ReadAction","target":["https:\/\/xirgoglobal.com\/lt\/pramones-sakos\/sunkiasvoriai-ir-visureigiai\/"]}]},{"@type":"ImageObject","inLanguage":"lt-LT","@id":"https:\/\/xirgoglobal.com\/lt\/pramones-sakos\/sunkiasvoriai-ir-visureigiai\/#primaryimage","url":"https:\/\/xirgoglobal.com\/wp-content\/uploads\/2025\/08\/AgHE_hero_crop.webp","contentUrl":"https:\/\/xirgoglobal.com\/wp-content\/uploads\/2025\/08\/AgHE_hero_crop.webp","width":1433,"height":600,"caption":"heavy equipment tracking"},{"@type":"BreadcrumbList","@id":"https:\/\/xirgoglobal.com\/lt\/pramones-sakos\/sunkiasvoriai-ir-visureigiai\/#breadcrumb","itemListElement":[{"@type":"ListItem","position":1,"name":"Home","item":"https:\/\/xirgoglobal.com\/lt\/"},{"@type":"ListItem","position":2,"name":"Sprendimai","item":"https:\/\/xirgoglobal.com\/lt\/pramones-sakos\/"},{"@type":"ListItem","position":3,"name":"Traktoriai ir sunkiasvor\u0117s transporto priemon\u0117s"}]},{"@type":"WebSite","@id":"https:\/\/xirgoglobal.com\/lt\/#website","url":"https:\/\/xirgoglobal.com\/lt\/","name":"Xirgo Global","description":"","potentialAction":[{"@type":"SearchAction","target":{"@type":"EntryPoint","urlTemplate":"https:\/\/xirgoglobal.com\/lt\/?s={search_term_string}"},"query-input":{"@type":"PropertyValueSpecification","valueRequired":true,"valueName":"search_term_string"}}],"inLanguage":"lt-LT"}]}},"_links":{"self":[{"href":"https:\/\/xirgoglobal.com\/lt\/wp-json\/wp\/v2\/pages\/3187","targetHints":{"allow":["GET"]}}],"collection":[{"href":"https:\/\/xirgoglobal.com\/lt\/wp-json\/wp\/v2\/pages"}],"about":[{"href":"https:\/\/xirgoglobal.com\/lt\/wp-json\/wp\/v2\/types\/page"}],"author":[{"embeddable":true,"href":"https:\/\/xirgoglobal.com\/lt\/wp-json\/wp\/v2\/users\/2"}],"replies":[{"embeddable":true,"href":"https:\/\/xirgoglobal.com\/lt\/wp-json\/wp\/v2\/comments?post=3187"}],"version-history":[{"count":1,"href":"https:\/\/xirgoglobal.com\/lt\/wp-json\/wp\/v2\/pages\/3187\/revisions"}],"predecessor-version":[{"id":5030,"href":"https:\/\/xirgoglobal.com\/lt\/wp-json\/wp\/v2\/pages\/3187\/revisions\/5030"}],"up":[{"embeddable":true,"href":"https:\/\/xirgoglobal.com\/lt\/wp-json\/wp\/v2\/pages\/3175"}],"wp:featuredmedia":[{"embeddable":true,"href":"https:\/\/xirgoglobal.com\/lt\/wp-json\/wp\/v2\/media\/4782"}],"wp:attachment":[{"href":"https:\/\/xirgoglobal.com\/lt\/wp-json\/wp\/v2\/media?parent=3187"}],"wp:term":[{"taxonomy":"hf_cat_page","embeddable":true,"href":"https:\/\/xirgoglobal.com\/lt\/wp-json\/wp\/v2\/hf_cat_page?post=3187"}],"curies":[{"name":"wp","href":"https:\/\/api.w.org\/{rel}","templated":true}]}}