{"id":3175,"date":"2025-02-02T16:11:50","date_gmt":"2025-02-02T22:11:50","guid":{"rendered":"http:\/\/xirgoglobal.com\/pramones-sakos\/"},"modified":"2026-01-23T04:03:36","modified_gmt":"2026-01-23T10:03:36","slug":"pramones-sakos","status":"publish","type":"page","link":"https:\/\/xirgoglobal.com\/lt\/pramones-sakos\/","title":{"rendered":"Sprendimai"},"content":{"rendered":"\n\n\t\t\t\t<a href=\"\/lt\/pramones-sakos\/transportas-ir-logistika\/\"  target=\"_self\" itemprop=\"url\">\n\t\t\t\t<img loading=\"lazy\" decoding=\"async\" src=\"https:\/\/xirgoglobal.ignitesolutions.com\/wp-content\/uploads\/2025\/01\/transportation_main-img.webp\" alt=\"transportation and logistics\" itemprop=\"image\" height=\"400\" width=\"955\" title=\"transportation and logistics\" onerror=\"this.style.display='none'\"  \/>\n\t\t\t\t<\/a>\n<h3>\n\t\tTransportas Ir Logistika\n\t<\/h3>\n\t<p>Dideli\u0173 preki\u0173 \u017eenkl\u0173 kurjeriai ir interneto ma\u017emenininkai. Nuosavi laivynai ir tre\u010di\u0173j\u0173 \u0161ali\u0173 logistikos paslaug\u0173 teik\u0117jai. Nuo vietini\u0173 iki pasaulini\u0173, nuo tolim\u0173j\u0173 iki paskutin\u0117s mylios &#8211; &#8222;Xirgo&#8221; turi galimybi\u0173 u\u017etikrinti auk\u0161\u010diausio lygio na\u0161um\u0105.  <\/p>\n\t\t\t<a href=\"\/lt\/pramones-sakos\/transportas-ir-logistika\/\" target=\"_self\">\n\t\t\t\t\t\t\tSu\u017einokite daugiau\n\t\t\t\t\t<\/a>\n\t\t\t\t<a href=\"\/lt\/pramones-sakos\/komercinio-parko-ir-darbo-sunkvezimiai\/\"  target=\"_self\" itemprop=\"url\">\n\t\t\t\t<img loading=\"lazy\" decoding=\"async\" src=\"https:\/\/xirgoglobal.ignitesolutions.com\/wp-content\/uploads\/2025\/01\/commercial-fleets_main-img.webp\" alt=\"commercial fleets\" itemprop=\"image\" height=\"400\" width=\"955\" title=\"commercial fleets\" onerror=\"this.style.display='none'\"  \/>\n\t\t\t\t<\/a>\n<h3>\n\t\tKomerciniai Parkai ir Darbo Sunkve\u017eimiai\n\t<\/h3>\n\t<p>Komercini\u0173 automobili\u0173 parko telematika padeda \u012fmon\u0117ms visame pasaulyje apsaugoti savo vairuotojus, suma\u017einti i\u0161laidas ir apsaugoti savo peln\u0105 nuo draudimo i\u0161mok\u0173 ir atsiskaitym\u0173.<\/p>\n\t\t\t<a href=\"\/lt\/pramones-sakos\/komercinio-parko-ir-darbo-sunkvezimiai\/\" target=\"_self\">\n\t\t\t\t\t\t\tSu\u017einokite daugiau\n\t\t\t\t\t<\/a>\n\t\t\t\t<a href=\"\/lt\/pramones-sakos\/sandeliavimo-ir-pramonine-iranga\/\"  target=\"_self\" itemprop=\"url\">\n\t\t\t\t<img loading=\"lazy\" decoding=\"async\" src=\"https:\/\/xirgoglobal.ignitesolutions.com\/wp-content\/uploads\/2025\/01\/warehouse_main-img.webp\" alt=\"warehouse and industrial equipment\" itemprop=\"image\" height=\"400\" width=\"955\" title=\"warehouse and industrial equipment\" onerror=\"this.style.display='none'\"  \/>\n\t\t\t\t<\/a>\n<h3>\n\t\tSand\u0117liavimo ir Pramonin\u0117 \u012eranga\n\t<\/h3>\n\t<p>&#8222;Xirgo&#8221; sand\u0117li\u0173 sprendimai padeda didinti veiklos efektyvum\u0105 ir tikslum\u0105 stebint preki\u0173, proces\u0173 ir \u017emoni\u0173 srautus \u012f sand\u0117lius, i\u0161 j\u0173 ir j\u0173 viduje.<\/p>\n\t\t\t<a href=\"\/lt\/pramones-sakos\/sandeliavimo-ir-pramonine-iranga\/\" target=\"_self\">\n\t\t\t\t\t\t\tSu\u017einokite daugiau\n\t\t\t\t\t<\/a>\n\t\t\t\t<a href=\"\/lt\/pramones-sakos\/sunkiasvoriai-ir-visureigiai\/\"  target=\"_self\" itemprop=\"url\">\n\t\t\t\t<img loading=\"lazy\" decoding=\"async\" src=\"https:\/\/xirgoglobal.ignitesolutions.com\/wp-content\/uploads\/2025\/01\/heavy-duty_main-img.webp\" alt=\"heavy duty and off-road\" itemprop=\"image\" height=\"400\" width=\"955\" title=\"heavy duty and off-road\" onerror=\"this.style.display='none'\"  \/>\n\t\t\t\t<\/a>\n<h3>\n\t\tSunkiasvoriai ir Visureigiai\n\t<\/h3>\n\t<p>M\u016bs\u0173 produkt\u0173 asortimentas ir sprendimai apima visus sunkiasvori\u0173 transporto priemoni\u0173 parko ir visureigi\u0173 sekimo elementus, tod\u0117l sprendim\u0173 pri\u0117m\u0117jams, siekiantiems padidinti efektyvum\u0105 ir na\u0161um\u0105, suteikiame daugiau galimybi\u0173.<\/p>\n\t\t\t<a href=\"\/lt\/pramones-sakos\/sunkiasvoriai-ir-visureigiai\/\" target=\"_self\">\n\t\t\t\t\t\t\tSu\u017einokite daugiau\n\t\t\t\t\t<\/a>\n\t\t\t\t<a href=\"\/lt\/pramones-sakos\/savivaldybes\/\"  target=\"_self\" itemprop=\"url\">\n\t\t\t\t<img loading=\"lazy\" decoding=\"async\" src=\"https:\/\/xirgoglobal.ignitesolutions.com\/wp-content\/uploads\/2025\/01\/municipalities_main-img.webp\" alt=\"municipalities\" itemprop=\"image\" height=\"400\" width=\"955\" title=\"municipalities\" onerror=\"this.style.display='none'\"  \/>\n\t\t\t\t<\/a>\n<h3>\n\t\tSavivaldyb\u0117s\n\t<\/h3>\n\t<p>Savivaldybi\u0173 poreikiai ir transporto priemoni\u0173 tipai yra labai \u012fvair\u016bs &#8211; nuo gatvi\u0173 ir sanitarijos skyri\u0173 iki pirmosios pagalbos tarnyb\u0173, nuo motocikl\u0173 iki gatvi\u0173 \u0161lavimo ma\u0161in\u0173, tod\u0117l &#8222;Xirgo&#8221; universalumas puikiai tinka.<\/p>\n\t\t\t<a href=\"\/lt\/pramones-sakos\/savivaldybes\/\" target=\"_self\">\n\t\t\t\t\t\t\tSu\u017einokite daugiau\n\t\t\t\t\t<\/a>\n\t\t\t\t<img loading=\"lazy\" decoding=\"async\" src=\"https:\/\/xirgoglobal.ignitesolutions.com\/wp-content\/uploads\/2025\/02\/Industries_LP_inset1.webp\" alt=\"World-class IoT technology\" itemprop=\"image\" height=\"600\" width=\"1067\" title=\"World-class IoT technology\" onerror=\"this.style.display='none'\"  \/>\n<h2>\n\t\tPasaulinio lygio daikt\u0173 interneto technologija, u\u017etikrinanti geriausi\u0105 savo klas\u0117je matomum\u0105, valdym\u0105 ir pelningum\u0105.\n\t<\/h2>\n\t<p>Kai analitika, \u012frenginiai ir programin\u0117s \u012frangos sprendimai skland\u017eiai bendradarbiauja, \u012fmon\u0117s gali veikti efektyviau. &#8222;Xirgo&#8221; si\u016blo tikr\u0105 lankstum\u0105 ir universalum\u0105, kad b\u016bt\u0173 galima pritaikyti \u012fvairiems turto tipams beveik visose pramon\u0117s \u0161akose &#8211; nuo \u017eem\u0117s \u016bkio iki atliek\u0173 tvarkymo ir visur kitur. <\/p>\n\n","protected":false},"excerpt":{"rendered":"<p>Transportas Ir Logistika Dideli\u0173 preki\u0173 \u017eenkl\u0173 kurjeriai ir interneto ma\u017emenininkai. Nuosavi laivynai ir tre\u010di\u0173j\u0173 \u0161ali\u0173 logistikos paslaug\u0173 teik\u0117jai. Nuo vietini\u0173 iki pasaulini\u0173, nuo tolim\u0173j\u0173 iki paskutin\u0117s mylios &#8211; &#8222;Xirgo&#8221; turi galimybi\u0173 u\u017etikrinti auk\u0161\u010diausio lygio na\u0161um\u0105. Su\u017einokite daugiau Komerciniai Parkai ir Darbo Sunkve\u017eimiai Komercini\u0173 automobili\u0173 parko telematika padeda \u012fmon\u0117ms visame pasaulyje apsaugoti savo vairuotojus, suma\u017einti i\u0161laidas&hellip;<\/p>\n","protected":false},"author":2,"featured_media":3984,"parent":0,"menu_order":0,"comment_status":"closed","ping_status":"closed","template":"","meta":{"_acf_changed":false,"footnotes":""},"hf_cat_page":[],"class_list":["post-3175","page","type-page","status-publish","has-post-thumbnail","hentry"],"acf":[],"yoast_head":"<!-- This site is optimized with the Yoast SEO plugin v27.4 - https:\/\/yoast.com\/product\/yoast-seo-wordpress\/ -->\n<title>Sprendimai %|% %<\/title>\n<meta name=\"description\" content=\"&quot;Xirgo&quot;, j\u016bs\u0173 pa\u017eangiosios logistikos partneris, teikia transporto priemoni\u0173 park\u0173 sekimo, steb\u0117jimo ir duomen\u0173 analiz\u0117s paslaugas realiuoju laiku.\" \/>\n<meta name=\"robots\" content=\"index, follow, max-snippet:-1, max-image-preview:large, max-video-preview:-1\" \/>\n<link rel=\"canonical\" href=\"https:\/\/xirgoglobal.com\/lt\/pramones-sakos\/\" \/>\n<meta property=\"og:locale\" content=\"lt_LT\" \/>\n<meta property=\"og:type\" content=\"article\" \/>\n<meta property=\"og:title\" content=\"Sprendimai %|% %\" \/>\n<meta property=\"og:description\" content=\"&quot;Xirgo&quot;, j\u016bs\u0173 pa\u017eangiosios logistikos partneris, teikia transporto priemoni\u0173 park\u0173 sekimo, steb\u0117jimo ir duomen\u0173 analiz\u0117s paslaugas realiuoju laiku.\" \/>\n<meta property=\"og:url\" content=\"https:\/\/xirgoglobal.com\/lt\/pramones-sakos\/\" \/>\n<meta property=\"og:site_name\" content=\"Xirgo Global\" \/>\n<meta property=\"article:modified_time\" content=\"2026-01-23T10:03:36+00:00\" \/>\n<meta property=\"og:image\" content=\"https:\/\/xirgoglobal.com\/wp-content\/uploads\/2025\/07\/solutions-semi-hero.webp\" \/>\n\t<meta property=\"og:image:width\" content=\"828\" \/>\n\t<meta property=\"og:image:height\" content=\"535\" \/>\n\t<meta property=\"og:image:type\" content=\"image\/webp\" \/>\n<meta name=\"twitter:card\" content=\"summary_large_image\" \/>\n<meta name=\"twitter:label1\" content=\"Est. reading time\" \/>\n\t<meta name=\"twitter:data1\" content=\"1 minut\u0117\" \/>\n<script type=\"application\/ld+json\" class=\"yoast-schema-graph\">{\"@context\":\"https:\\\/\\\/schema.org\",\"@graph\":[{\"@type\":\"WebPage\",\"@id\":\"https:\\\/\\\/xirgoglobal.com\\\/lt\\\/pramones-sakos\\\/\",\"url\":\"https:\\\/\\\/xirgoglobal.com\\\/lt\\\/pramones-sakos\\\/\",\"name\":\"Sprendimai %|% %\",\"isPartOf\":{\"@id\":\"https:\\\/\\\/xirgoglobal.com\\\/lt\\\/#website\"},\"primaryImageOfPage\":{\"@id\":\"https:\\\/\\\/xirgoglobal.com\\\/lt\\\/pramones-sakos\\\/#primaryimage\"},\"image\":{\"@id\":\"https:\\\/\\\/xirgoglobal.com\\\/lt\\\/pramones-sakos\\\/#primaryimage\"},\"thumbnailUrl\":\"https:\\\/\\\/xirgoglobal.com\\\/wp-content\\\/uploads\\\/2025\\\/07\\\/solutions-semi-hero.webp\",\"datePublished\":\"2025-02-02T22:11:50+00:00\",\"dateModified\":\"2026-01-23T10:03:36+00:00\",\"description\":\"\\\"Xirgo\\\", j\u016bs\u0173 pa\u017eangiosios logistikos partneris, teikia transporto priemoni\u0173 park\u0173 sekimo, steb\u0117jimo ir duomen\u0173 analiz\u0117s paslaugas realiuoju laiku.\",\"breadcrumb\":{\"@id\":\"https:\\\/\\\/xirgoglobal.com\\\/lt\\\/pramones-sakos\\\/#breadcrumb\"},\"inLanguage\":\"lt-LT\",\"potentialAction\":[{\"@type\":\"ReadAction\",\"target\":[\"https:\\\/\\\/xirgoglobal.com\\\/lt\\\/pramones-sakos\\\/\"]}]},{\"@type\":\"ImageObject\",\"inLanguage\":\"lt-LT\",\"@id\":\"https:\\\/\\\/xirgoglobal.com\\\/lt\\\/pramones-sakos\\\/#primaryimage\",\"url\":\"https:\\\/\\\/xirgoglobal.com\\\/wp-content\\\/uploads\\\/2025\\\/07\\\/solutions-semi-hero.webp\",\"contentUrl\":\"https:\\\/\\\/xirgoglobal.com\\\/wp-content\\\/uploads\\\/2025\\\/07\\\/solutions-semi-hero.webp\",\"width\":828,\"height\":535},{\"@type\":\"BreadcrumbList\",\"@id\":\"https:\\\/\\\/xirgoglobal.com\\\/lt\\\/pramones-sakos\\\/#breadcrumb\",\"itemListElement\":[{\"@type\":\"ListItem\",\"position\":1,\"name\":\"Home\",\"item\":\"https:\\\/\\\/xirgoglobal.com\\\/lt\\\/\"},{\"@type\":\"ListItem\",\"position\":2,\"name\":\"Sprendimai\"}]},{\"@type\":\"WebSite\",\"@id\":\"https:\\\/\\\/xirgoglobal.com\\\/lt\\\/#website\",\"url\":\"https:\\\/\\\/xirgoglobal.com\\\/lt\\\/\",\"name\":\"Xirgo Global\",\"description\":\"\",\"potentialAction\":[{\"@type\":\"SearchAction\",\"target\":{\"@type\":\"EntryPoint\",\"urlTemplate\":\"https:\\\/\\\/xirgoglobal.com\\\/lt\\\/?s={search_term_string}\"},\"query-input\":{\"@type\":\"PropertyValueSpecification\",\"valueRequired\":true,\"valueName\":\"search_term_string\"}}],\"inLanguage\":\"lt-LT\"}]}<\/script>\n<!-- \/ Yoast SEO plugin. -->","yoast_head_json":{"title":"Sprendimai %|% %","description":"\"Xirgo\", j\u016bs\u0173 pa\u017eangiosios logistikos partneris, teikia transporto priemoni\u0173 park\u0173 sekimo, steb\u0117jimo ir duomen\u0173 analiz\u0117s paslaugas realiuoju laiku.","robots":{"index":"index","follow":"follow","max-snippet":"max-snippet:-1","max-image-preview":"max-image-preview:large","max-video-preview":"max-video-preview:-1"},"canonical":"https:\/\/xirgoglobal.com\/lt\/pramones-sakos\/","og_locale":"lt_LT","og_type":"article","og_title":"Sprendimai %|% %","og_description":"\"Xirgo\", j\u016bs\u0173 pa\u017eangiosios logistikos partneris, teikia transporto priemoni\u0173 park\u0173 sekimo, steb\u0117jimo ir duomen\u0173 analiz\u0117s paslaugas realiuoju laiku.","og_url":"https:\/\/xirgoglobal.com\/lt\/pramones-sakos\/","og_site_name":"Xirgo Global","article_modified_time":"2026-01-23T10:03:36+00:00","og_image":[{"width":828,"height":535,"url":"https:\/\/xirgoglobal.com\/wp-content\/uploads\/2025\/07\/solutions-semi-hero.webp","type":"image\/webp"}],"twitter_card":"summary_large_image","twitter_misc":{"Est. reading time":"1 minut\u0117"},"schema":{"@context":"https:\/\/schema.org","@graph":[{"@type":"WebPage","@id":"https:\/\/xirgoglobal.com\/lt\/pramones-sakos\/","url":"https:\/\/xirgoglobal.com\/lt\/pramones-sakos\/","name":"Sprendimai %|% %","isPartOf":{"@id":"https:\/\/xirgoglobal.com\/lt\/#website"},"primaryImageOfPage":{"@id":"https:\/\/xirgoglobal.com\/lt\/pramones-sakos\/#primaryimage"},"image":{"@id":"https:\/\/xirgoglobal.com\/lt\/pramones-sakos\/#primaryimage"},"thumbnailUrl":"https:\/\/xirgoglobal.com\/wp-content\/uploads\/2025\/07\/solutions-semi-hero.webp","datePublished":"2025-02-02T22:11:50+00:00","dateModified":"2026-01-23T10:03:36+00:00","description":"\"Xirgo\", j\u016bs\u0173 pa\u017eangiosios logistikos partneris, teikia transporto priemoni\u0173 park\u0173 sekimo, steb\u0117jimo ir duomen\u0173 analiz\u0117s paslaugas realiuoju laiku.","breadcrumb":{"@id":"https:\/\/xirgoglobal.com\/lt\/pramones-sakos\/#breadcrumb"},"inLanguage":"lt-LT","potentialAction":[{"@type":"ReadAction","target":["https:\/\/xirgoglobal.com\/lt\/pramones-sakos\/"]}]},{"@type":"ImageObject","inLanguage":"lt-LT","@id":"https:\/\/xirgoglobal.com\/lt\/pramones-sakos\/#primaryimage","url":"https:\/\/xirgoglobal.com\/wp-content\/uploads\/2025\/07\/solutions-semi-hero.webp","contentUrl":"https:\/\/xirgoglobal.com\/wp-content\/uploads\/2025\/07\/solutions-semi-hero.webp","width":828,"height":535},{"@type":"BreadcrumbList","@id":"https:\/\/xirgoglobal.com\/lt\/pramones-sakos\/#breadcrumb","itemListElement":[{"@type":"ListItem","position":1,"name":"Home","item":"https:\/\/xirgoglobal.com\/lt\/"},{"@type":"ListItem","position":2,"name":"Sprendimai"}]},{"@type":"WebSite","@id":"https:\/\/xirgoglobal.com\/lt\/#website","url":"https:\/\/xirgoglobal.com\/lt\/","name":"Xirgo Global","description":"","potentialAction":[{"@type":"SearchAction","target":{"@type":"EntryPoint","urlTemplate":"https:\/\/xirgoglobal.com\/lt\/?s={search_term_string}"},"query-input":{"@type":"PropertyValueSpecification","valueRequired":true,"valueName":"search_term_string"}}],"inLanguage":"lt-LT"}]}},"_links":{"self":[{"href":"https:\/\/xirgoglobal.com\/lt\/wp-json\/wp\/v2\/pages\/3175","targetHints":{"allow":["GET"]}}],"collection":[{"href":"https:\/\/xirgoglobal.com\/lt\/wp-json\/wp\/v2\/pages"}],"about":[{"href":"https:\/\/xirgoglobal.com\/lt\/wp-json\/wp\/v2\/types\/page"}],"author":[{"embeddable":true,"href":"https:\/\/xirgoglobal.com\/lt\/wp-json\/wp\/v2\/users\/2"}],"replies":[{"embeddable":true,"href":"https:\/\/xirgoglobal.com\/lt\/wp-json\/wp\/v2\/comments?post=3175"}],"version-history":[{"count":1,"href":"https:\/\/xirgoglobal.com\/lt\/wp-json\/wp\/v2\/pages\/3175\/revisions"}],"predecessor-version":[{"id":5028,"href":"https:\/\/xirgoglobal.com\/lt\/wp-json\/wp\/v2\/pages\/3175\/revisions\/5028"}],"wp:featuredmedia":[{"embeddable":true,"href":"https:\/\/xirgoglobal.com\/lt\/wp-json\/wp\/v2\/media\/3984"}],"wp:attachment":[{"href":"https:\/\/xirgoglobal.com\/lt\/wp-json\/wp\/v2\/media?parent=3175"}],"wp:term":[{"taxonomy":"hf_cat_page","embeddable":true,"href":"https:\/\/xirgoglobal.com\/lt\/wp-json\/wp\/v2\/hf_cat_page?post=3175"}],"curies":[{"name":"wp","href":"https:\/\/api.w.org\/{rel}","templated":true}]}}