{"id":3168,"date":"2025-01-08T09:37:50","date_gmt":"2025-01-08T15:37:50","guid":{"rendered":"http:\/\/xirgoglobal.com\/naujienos\/"},"modified":"2025-08-12T07:39:02","modified_gmt":"2025-08-12T12:39:02","slug":"naujienos","status":"publish","type":"page","link":"https:\/\/xirgoglobal.com\/lt\/naujienos\/","title":{"rendered":"Naujienos"},"content":{"rendered":"\n\n<main  id=\"main\">\n\t<\/main>\n<aside  id=\"sidebar\">\n\t<\/aside>\n<h2>\n\t\t\tKontaktai \u017einiasklaidai\t<\/h2>\n\t<p>Turite su \u017einiasklaida susijusi\u0173 klausim\u0173? Susisiekite su m\u016bs\u0173 \u017einiasklaidos komanda tiesiogiai adresu <a href=\"mailto:PR@xirgo.com\">PR@xirgo.com<\/a>.<\/p>\n<h2>\n\t\t\tBendraukite su mumis socialiniuose tinkluose\t<\/h2>\n\t<p>Sekite mus &#8222;Facebook&#8221;, &#8222;LinkedIn&#8221; ir &#8222;X&#8221; ir nepraleiskite n\u0117 minut\u0117s to, kas vyksta.<\/p>\n\n","protected":false},"excerpt":{"rendered":"<p>Kontaktai \u017einiasklaidai Turite su \u017einiasklaida susijusi\u0173 klausim\u0173? Susisiekite su m\u016bs\u0173 \u017einiasklaidos komanda tiesiogiai adresu PR@xirgo.com. Bendraukite su mumis socialiniuose tinkluose Sekite mus &#8222;Facebook&#8221;, &#8222;LinkedIn&#8221; ir &#8222;X&#8221; ir nepraleiskite n\u0117 minut\u0117s to, kas vyksta.<\/p>\n","protected":false},"author":2,"featured_media":4695,"parent":0,"menu_order":0,"comment_status":"closed","ping_status":"closed","template":"","meta":{"_acf_changed":false,"footnotes":""},"hf_cat_page":[],"class_list":["post-3168","page","type-page","status-publish","has-post-thumbnail","hentry"],"acf":[],"yoast_head":"<!-- This site is optimized with the Yoast SEO plugin v27.4 - https:\/\/yoast.com\/product\/yoast-seo-wordpress\/ -->\n<title>Atnaujinimai pateikiami \u010dia, m\u016bs\u0173 naujien\u0173 skyriuje |% %%%%<\/title>\n<meta name=\"description\" content=\"&quot;Xirgo&quot; ne tik \u012frod\u0117 savo s\u0117km\u0117s istorij\u0105, bet ir turi daug daugiau k\u0105 papasakoti!\" \/>\n<meta name=\"robots\" content=\"index, follow, max-snippet:-1, max-image-preview:large, max-video-preview:-1\" \/>\n<link rel=\"canonical\" href=\"https:\/\/xirgoglobal.com\/lt\/naujienos\/\" \/>\n<meta property=\"og:locale\" content=\"lt_LT\" \/>\n<meta property=\"og:type\" content=\"article\" \/>\n<meta property=\"og:title\" content=\"Atnaujinimai pateikiami \u010dia, m\u016bs\u0173 naujien\u0173 skyriuje |% %%%%\" \/>\n<meta property=\"og:description\" content=\"&quot;Xirgo&quot; ne tik \u012frod\u0117 savo s\u0117km\u0117s istorij\u0105, bet ir turi daug daugiau k\u0105 papasakoti!\" \/>\n<meta property=\"og:url\" content=\"https:\/\/xirgoglobal.com\/lt\/naujienos\/\" \/>\n<meta property=\"og:site_name\" content=\"Xirgo Global\" \/>\n<meta property=\"article:modified_time\" content=\"2025-08-12T12:39:02+00:00\" \/>\n<meta property=\"og:image\" content=\"https:\/\/xirgoglobal.com\/wp-content\/uploads\/2025\/07\/Xirgo_News_hero.webp\" \/>\n\t<meta property=\"og:image:width\" content=\"1433\" \/>\n\t<meta property=\"og:image:height\" content=\"598\" \/>\n\t<meta property=\"og:image:type\" content=\"image\/webp\" \/>\n<meta name=\"twitter:card\" content=\"summary_large_image\" \/>\n<script type=\"application\/ld+json\" class=\"yoast-schema-graph\">{\"@context\":\"https:\\\/\\\/schema.org\",\"@graph\":[{\"@type\":\"WebPage\",\"@id\":\"https:\\\/\\\/xirgoglobal.com\\\/lt\\\/naujienos\\\/\",\"url\":\"https:\\\/\\\/xirgoglobal.com\\\/lt\\\/naujienos\\\/\",\"name\":\"Atnaujinimai pateikiami \u010dia, m\u016bs\u0173 naujien\u0173 skyriuje |% %%%%\",\"isPartOf\":{\"@id\":\"https:\\\/\\\/xirgoglobal.com\\\/lt\\\/#website\"},\"primaryImageOfPage\":{\"@id\":\"https:\\\/\\\/xirgoglobal.com\\\/lt\\\/naujienos\\\/#primaryimage\"},\"image\":{\"@id\":\"https:\\\/\\\/xirgoglobal.com\\\/lt\\\/naujienos\\\/#primaryimage\"},\"thumbnailUrl\":\"https:\\\/\\\/xirgoglobal.com\\\/wp-content\\\/uploads\\\/2025\\\/07\\\/Xirgo_News_hero.webp\",\"datePublished\":\"2025-01-08T15:37:50+00:00\",\"dateModified\":\"2025-08-12T12:39:02+00:00\",\"description\":\"\\\"Xirgo\\\" ne tik \u012frod\u0117 savo s\u0117km\u0117s istorij\u0105, bet ir turi daug daugiau k\u0105 papasakoti!\",\"breadcrumb\":{\"@id\":\"https:\\\/\\\/xirgoglobal.com\\\/lt\\\/naujienos\\\/#breadcrumb\"},\"inLanguage\":\"lt-LT\",\"potentialAction\":[{\"@type\":\"ReadAction\",\"target\":[\"https:\\\/\\\/xirgoglobal.com\\\/lt\\\/naujienos\\\/\"]}]},{\"@type\":\"ImageObject\",\"inLanguage\":\"lt-LT\",\"@id\":\"https:\\\/\\\/xirgoglobal.com\\\/lt\\\/naujienos\\\/#primaryimage\",\"url\":\"https:\\\/\\\/xirgoglobal.com\\\/wp-content\\\/uploads\\\/2025\\\/07\\\/Xirgo_News_hero.webp\",\"contentUrl\":\"https:\\\/\\\/xirgoglobal.com\\\/wp-content\\\/uploads\\\/2025\\\/07\\\/Xirgo_News_hero.webp\",\"width\":1433,\"height\":598},{\"@type\":\"BreadcrumbList\",\"@id\":\"https:\\\/\\\/xirgoglobal.com\\\/lt\\\/naujienos\\\/#breadcrumb\",\"itemListElement\":[{\"@type\":\"ListItem\",\"position\":1,\"name\":\"Home\",\"item\":\"https:\\\/\\\/xirgoglobal.com\\\/lt\\\/\"},{\"@type\":\"ListItem\",\"position\":2,\"name\":\"Naujienos\"}]},{\"@type\":\"WebSite\",\"@id\":\"https:\\\/\\\/xirgoglobal.com\\\/lt\\\/#website\",\"url\":\"https:\\\/\\\/xirgoglobal.com\\\/lt\\\/\",\"name\":\"Xirgo Global\",\"description\":\"\",\"potentialAction\":[{\"@type\":\"SearchAction\",\"target\":{\"@type\":\"EntryPoint\",\"urlTemplate\":\"https:\\\/\\\/xirgoglobal.com\\\/lt\\\/?s={search_term_string}\"},\"query-input\":{\"@type\":\"PropertyValueSpecification\",\"valueRequired\":true,\"valueName\":\"search_term_string\"}}],\"inLanguage\":\"lt-LT\"}]}<\/script>\n<!-- \/ Yoast SEO plugin. -->","yoast_head_json":{"title":"Atnaujinimai pateikiami \u010dia, m\u016bs\u0173 naujien\u0173 skyriuje |% %%%%","description":"\"Xirgo\" ne tik \u012frod\u0117 savo s\u0117km\u0117s istorij\u0105, bet ir turi daug daugiau k\u0105 papasakoti!","robots":{"index":"index","follow":"follow","max-snippet":"max-snippet:-1","max-image-preview":"max-image-preview:large","max-video-preview":"max-video-preview:-1"},"canonical":"https:\/\/xirgoglobal.com\/lt\/naujienos\/","og_locale":"lt_LT","og_type":"article","og_title":"Atnaujinimai pateikiami \u010dia, m\u016bs\u0173 naujien\u0173 skyriuje |% %%%%","og_description":"\"Xirgo\" ne tik \u012frod\u0117 savo s\u0117km\u0117s istorij\u0105, bet ir turi daug daugiau k\u0105 papasakoti!","og_url":"https:\/\/xirgoglobal.com\/lt\/naujienos\/","og_site_name":"Xirgo Global","article_modified_time":"2025-08-12T12:39:02+00:00","og_image":[{"width":1433,"height":598,"url":"https:\/\/xirgoglobal.com\/wp-content\/uploads\/2025\/07\/Xirgo_News_hero.webp","type":"image\/webp"}],"twitter_card":"summary_large_image","schema":{"@context":"https:\/\/schema.org","@graph":[{"@type":"WebPage","@id":"https:\/\/xirgoglobal.com\/lt\/naujienos\/","url":"https:\/\/xirgoglobal.com\/lt\/naujienos\/","name":"Atnaujinimai pateikiami \u010dia, m\u016bs\u0173 naujien\u0173 skyriuje |% %%%%","isPartOf":{"@id":"https:\/\/xirgoglobal.com\/lt\/#website"},"primaryImageOfPage":{"@id":"https:\/\/xirgoglobal.com\/lt\/naujienos\/#primaryimage"},"image":{"@id":"https:\/\/xirgoglobal.com\/lt\/naujienos\/#primaryimage"},"thumbnailUrl":"https:\/\/xirgoglobal.com\/wp-content\/uploads\/2025\/07\/Xirgo_News_hero.webp","datePublished":"2025-01-08T15:37:50+00:00","dateModified":"2025-08-12T12:39:02+00:00","description":"\"Xirgo\" ne tik \u012frod\u0117 savo s\u0117km\u0117s istorij\u0105, bet ir turi daug daugiau k\u0105 papasakoti!","breadcrumb":{"@id":"https:\/\/xirgoglobal.com\/lt\/naujienos\/#breadcrumb"},"inLanguage":"lt-LT","potentialAction":[{"@type":"ReadAction","target":["https:\/\/xirgoglobal.com\/lt\/naujienos\/"]}]},{"@type":"ImageObject","inLanguage":"lt-LT","@id":"https:\/\/xirgoglobal.com\/lt\/naujienos\/#primaryimage","url":"https:\/\/xirgoglobal.com\/wp-content\/uploads\/2025\/07\/Xirgo_News_hero.webp","contentUrl":"https:\/\/xirgoglobal.com\/wp-content\/uploads\/2025\/07\/Xirgo_News_hero.webp","width":1433,"height":598},{"@type":"BreadcrumbList","@id":"https:\/\/xirgoglobal.com\/lt\/naujienos\/#breadcrumb","itemListElement":[{"@type":"ListItem","position":1,"name":"Home","item":"https:\/\/xirgoglobal.com\/lt\/"},{"@type":"ListItem","position":2,"name":"Naujienos"}]},{"@type":"WebSite","@id":"https:\/\/xirgoglobal.com\/lt\/#website","url":"https:\/\/xirgoglobal.com\/lt\/","name":"Xirgo Global","description":"","potentialAction":[{"@type":"SearchAction","target":{"@type":"EntryPoint","urlTemplate":"https:\/\/xirgoglobal.com\/lt\/?s={search_term_string}"},"query-input":{"@type":"PropertyValueSpecification","valueRequired":true,"valueName":"search_term_string"}}],"inLanguage":"lt-LT"}]}},"_links":{"self":[{"href":"https:\/\/xirgoglobal.com\/lt\/wp-json\/wp\/v2\/pages\/3168","targetHints":{"allow":["GET"]}}],"collection":[{"href":"https:\/\/xirgoglobal.com\/lt\/wp-json\/wp\/v2\/pages"}],"about":[{"href":"https:\/\/xirgoglobal.com\/lt\/wp-json\/wp\/v2\/types\/page"}],"author":[{"embeddable":true,"href":"https:\/\/xirgoglobal.com\/lt\/wp-json\/wp\/v2\/users\/2"}],"replies":[{"embeddable":true,"href":"https:\/\/xirgoglobal.com\/lt\/wp-json\/wp\/v2\/comments?post=3168"}],"version-history":[{"count":0,"href":"https:\/\/xirgoglobal.com\/lt\/wp-json\/wp\/v2\/pages\/3168\/revisions"}],"wp:featuredmedia":[{"embeddable":true,"href":"https:\/\/xirgoglobal.com\/lt\/wp-json\/wp\/v2\/media\/4695"}],"wp:attachment":[{"href":"https:\/\/xirgoglobal.com\/lt\/wp-json\/wp\/v2\/media?parent=3168"}],"wp:term":[{"taxonomy":"hf_cat_page","embeddable":true,"href":"https:\/\/xirgoglobal.com\/lt\/wp-json\/wp\/v2\/hf_cat_page?post=3168"}],"curies":[{"name":"wp","href":"https:\/\/api.w.org\/{rel}","templated":true}]}}