{"id":3163,"date":"2024-12-12T18:54:51","date_gmt":"2024-12-13T00:54:51","guid":{"rendered":"http:\/\/xirgoglobal.com\/pagrindinis\/"},"modified":"2025-08-11T11:33:46","modified_gmt":"2025-08-11T16:33:46","slug":"pagrindinis","status":"publish","type":"page","link":"https:\/\/xirgoglobal.com\/lt\/","title":{"rendered":"Pagrindinis"},"content":{"rendered":"\n\n<h1>\n\t\tJ\u016bs\u0173 patikimas partneris i\u0161maniosios automobili\u0173 parko logistikos srityje\n\t<\/h1>\n\t<p>Suteikiame j\u016bs\u0173 verslui galimyb\u0119 naudotis modulin\u0117mis daikt\u0173 interneto ekosistemomis, dirbtiniu intelektu paremtu informuotumu ir nepalau\u017eiamu \u012fsipareigojimu siekti j\u016bs\u0173 s\u0117km\u0117s.<\/p>\n\t\t\t<a href=\"\/lt\/sprendimai\/\" target=\"_self\">\n\t\t\t\t\t\t\tI\u0161nagrin\u0117ti sprendimus\n\t\t\t\t\t<\/a>\n<h2>\n\t\t&#8222;Xirgo&#8221; \u017eino, kad kiekvienas laivynas yra unikalus.\n\t<\/h2>\n\t<p>Tod\u0117l savo sprendimus projektuojame ir kuriame patys, u\u017etikrindami neprilygstam\u0105 kokyb\u0119, patikimum\u0105 ir lankst\u0173 pritaikym\u0105 pagal j\u016bs\u0173 konkre\u010dius poreikius. Nuo modulini\u0173 daikt\u0173 interneto ekosistem\u0173 iki <a href=\"\/products\/video-telematics\/\">dirbtiniu intelektu paremtos vaizdo telematikos<\/a>&#8211; teikiame \u012frankius, kuri\u0173 reikia m\u016bs\u0173 partneriams ir j\u0173 klientams, kad jie gal\u0117t\u0173 optimizuoti automobili\u0173 parko na\u0161um\u0105 ir saug\u0105, kartu i\u0161likdami prana\u0161esni u\u017e konkurentus. <\/p>\n<p><strong>Dr\u0105siai keliaukite. Keliaukite su &#8222;Xirgo&#8221;. <\/strong><\/p>\n\t\t\t\t<img loading=\"lazy\" decoding=\"async\" src=\"http:\/\/xirgoglobal.com\/wp-content\/uploads\/2025\/01\/transit-van.webp\" alt=\"transit-van\" itemprop=\"image\" height=\"600\" width=\"1067\" title=\"transit-van\" onerror=\"this.style.display='none'\"  \/>\n<h2>\n\t\tSusipa\u017einkite su m\u016bs\u0173 sprendimais\n\t<\/h2>\n\t<p>&#8222;Xirgo&#8221; si\u016blo lanks\u010dius modulinius sprendimus, skirtus \u012fvairioms programoms, kurie suteikia 360\u00b0 realaus laiko vaizd\u0105 apie vis\u0105 transporto priemoni\u0173 park\u0105 ir leid\u017eia jums b\u016bti nuolat informuotiems.<\/p>\n\t\t\t\t<img loading=\"lazy\" decoding=\"async\" src=\"http:\/\/xirgoglobal.com\/wp-content\/uploads\/2025\/01\/Home_Fleet-Management.webp\" alt=\"fleet management\" itemprop=\"image\" height=\"1600\" width=\"2136\" title=\"Home_Fleet-Management\" onerror=\"this.style.display='none'\"  \/>\n<h3>\n\t\tTransporto Priemoni\u0173 Parko Valdymas\n\t<\/h3>\n\t<p><a href=\"\/lt\/sprendimai\/transporto-priemoniu-parko-valdymas\/\">Su\u017einokite daugiau<\/a><\/p>\n\t\t\t\t<img loading=\"lazy\" decoding=\"async\" src=\"http:\/\/xirgoglobal.com\/wp-content\/uploads\/2025\/01\/Home_Smart-Trailer.webp\" alt=\"smart trailer\" itemprop=\"image\" height=\"1600\" width=\"2136\" title=\"Home_Smart-Trailer\" onerror=\"this.style.display='none'\"  \/>\n<h3>\n\t\tI\u0161manioji Priekaba\n\t<\/h3>\n\t<p><a href=\"\/lt\/sprendimai\/ismanioji-priekaba\/\">Su\u017einokite daugiau<\/a><\/p>\n\t\t\t\t<img loading=\"lazy\" decoding=\"async\" src=\"http:\/\/xirgoglobal.com\/wp-content\/uploads\/2025\/01\/Home_DealerMan-StolenVehicles.webp\" alt=\"stolen vehicle recovery\" itemprop=\"image\" height=\"1600\" width=\"2136\" title=\"Home_DealerMan-StolenVehicles\" onerror=\"this.style.display='none'\"  \/>\n<h3>\n\t\tPardav\u0117j\u0173 Valdymas ir Pavogt\u0173 Transporto Priemoni\u0173 Susigr\u0105\u017einimas\n\t<\/h3>\n\t<p><a href=\"\/lt\/sprendimai\/pardaveju-valdymas-ir-pavogtu-transporto-priemoniu-susigrazinimas\/\">Su\u017einokite daugiau<\/a><\/p>\n\t\t\t\t<img loading=\"lazy\" decoding=\"async\" src=\"http:\/\/xirgoglobal.com\/wp-content\/uploads\/2025\/01\/Home_Rental-Car-Fleet-Mgmt.webp\" alt=\"rental car fleet management\" itemprop=\"image\" height=\"800\" width=\"1068\" title=\"Home_Rental-Car-Fleet-Mgmt\" onerror=\"this.style.display='none'\"  \/>\n<h3>\n\t\tAutomobili\u0173 Nuomos ir (Arba) Transporto Priemoni\u0173 Parko Valdymas\n\t<\/h3>\n\t<p><a href=\"\/lt\/sprendimai\/automobiliu-nuoma-parko-valdymas\/\">Su\u017einokite Daugiau<\/a><\/p>\n\t\t\t\t<img loading=\"lazy\" decoding=\"async\" src=\"http:\/\/xirgoglobal.com\/wp-content\/uploads\/2025\/01\/Home_DriverSafety.webp\" alt=\"driver safety monitoring\" itemprop=\"image\" height=\"1600\" width=\"2136\" title=\"Home_DriverSafety\" onerror=\"this.style.display='none'\"  \/>\n<h3>\n\t\tVairuotoj\u0173 Sauga ir Steb\u0117jimas\n\t<\/h3>\n\t<p><a href=\"\/lt\/sprendimai\/vairuotoju-sauga-ir-stebejimas\/\">Su\u017einokite daugiau<\/a><\/p>\n\t\t\t\t<img loading=\"lazy\" decoding=\"async\" src=\"http:\/\/xirgoglobal.com\/wp-content\/uploads\/2025\/01\/Home_Container.webp\" alt=\"container logistics\" itemprop=\"image\" height=\"800\" width=\"1068\" title=\"Home_Container\" onerror=\"this.style.display='none'\"  \/>\n<h3>\n\t\tKonteineri\u0173 Logistika\n\t<\/h3>\n\t<p><a href=\"\/lt\/sprendimai\/konteineriu-logistika\/\">Su\u017einokite daugiau<\/a><\/p>\n\t\t\t\t<img loading=\"lazy\" decoding=\"async\" src=\"http:\/\/xirgoglobal.com\/wp-content\/uploads\/2025\/01\/shipping-port-crane.webp\" alt=\"shipping-port-crane\" itemprop=\"image\" height=\"600\" width=\"1067\" title=\"shipping-port-crane\" onerror=\"this.style.display='none'\"  \/>\n<h2>\n\t\tM\u016bs\u0173 technologija neapsiriboja vien inovacijomis &#8211; ji sukurta veiksmams.  \n\t<\/h2>\n\t<p>Naudodami dirbtiniu intelektu paremt\u0105 analiz\u0119, m\u016bs\u0173 partneriai realiuoju laiku mato automobili\u0173 parko elgsen\u0105, tod\u0117l gali priimti i\u0161mintingesnius sprendimus ir padidinti veiklos efektyvum\u0105. &#8222;Xirgo&#8221; i\u0161maniosios automobili\u0173 parko logistikos sprendimai yra tokie lankst\u016bs, kokie reikalingi j\u016bs\u0173 verslui, ir skland\u017eiai ple\u010diami jums augant. <\/p>\n<h2>\n\t\tNar\u0161ykite m\u016bs\u0173 produktus\n\t<\/h2>\n\t<p>Kiekvienas parkas turi unikal\u0173 turto, kur\u012f reikia steb\u0117ti, rinkin\u012f. Nesvarbu, ar tai b\u016bt\u0173 keli\u0173 klasi\u0173 transporto priemon\u0117s, priekabos, refri\u017eeratoriai, konteineriai, pad\u0117klai, pramonin\u0117 \u012franga ar j\u0173 operatoriai, &#8222;Xirgo&#8221; turi telematikos prietais\u0173, jutikli\u0173 ir sistem\u0173, kad j\u016bs\u0173 parkas b\u016bt\u0173 i\u0161manesnis, saugesnis ir labiau susietas. <\/p>\n\t\t\t\t<a href=\"\/lt\/produktai\/vaizdo-telematika\/\"  target=\"_self\" itemprop=\"url\">\n\t\t\t\t<img loading=\"lazy\" decoding=\"async\" src=\"http:\/\/xirgoglobal.com\/wp-content\/uploads\/2025\/01\/icon-transit-van.svg\" alt=\"video telematics\" itemprop=\"image\" height=\"0\" width=\"0\" title=\"video telematics\" onerror=\"this.style.display='none'\"  \/>\n\t\t\t\t<\/a>\n<h5>\n\t\tVaizdo telematika\n\t<\/h5>\n\t\t\t\t<a href=\"\/lt\/produktai\/transporto-priemoniu-telematika\/\"  target=\"_self\" itemprop=\"url\">\n\t\t\t\t<img loading=\"lazy\" decoding=\"async\" src=\"http:\/\/xirgoglobal.com\/wp-content\/uploads\/2025\/01\/icon-semi-truck.svg\" alt=\"vehicle telematics\" itemprop=\"image\" height=\"0\" width=\"0\" title=\"vehicle telematics\" onerror=\"this.style.display='none'\"  \/>\n\t\t\t\t<\/a>\n<h5>\n\t\tTransporto priemoni\u0173 telematika\n\t<\/h5>\n\t\t\t\t<a href=\"\/lt\/produktai\/turto-telematika\/\"  target=\"_self\" itemprop=\"url\">\n\t\t\t\t<img loading=\"lazy\" decoding=\"async\" src=\"http:\/\/xirgoglobal.com\/wp-content\/uploads\/2025\/01\/icon-palletized-products.svg\" alt=\"asset telematics\" itemprop=\"image\" height=\"0\" width=\"0\" title=\"asset telematics\" onerror=\"this.style.display='none'\"  \/>\n\t\t\t\t<\/a>\n<h5>\n\t\tTurto telematika\n\t<\/h5>\n\t\t\t\t<a href=\"\/lt\/produktai\/telematikos-programine-iranga\/\"  target=\"_self\" itemprop=\"url\">\n\t\t\t\t<img loading=\"lazy\" decoding=\"async\" src=\"http:\/\/xirgoglobal.com\/wp-content\/uploads\/2025\/01\/icon-gps.svg\" alt=\"telematics software\" itemprop=\"image\" height=\"0\" width=\"0\" title=\"telematics software\" onerror=\"this.style.display='none'\"  \/>\n\t\t\t\t<\/a>\n<h5>\n\t\tTelematikos programin\u0117 \u012franga\n\t<\/h5>\n<h2>\n\t\t&#8222;Xirgo&#8221; skirtumai\n\t<\/h2>\n\t<p>&#8222;Xirgo&#8221; yra i\u0161maniosios automobili\u0173 parko logistikos lyder\u0117. &#8222;Xirgo&#8221;, derindama modulin\u0119 loT \u012frang\u0105, dirbtinio intelekto analitik\u0105 ir neprilygstam\u0105 palaikym\u0105, gali pad\u0117ti savo partneriams ir j\u0173 klientams pasiekti nauj\u0105 saugos, efektyvumo ir tvarumo lyg\u012f. <\/p>\n\t\t\t\t<img loading=\"lazy\" decoding=\"async\" src=\"http:\/\/xirgoglobal.com\/wp-content\/uploads\/2025\/01\/xirgo-difference_inhouse-dev_sqr.webp\" alt=\"inhouse development\" itemprop=\"image\" height=\"520\" width=\"520\" title=\"inhouse development\" onerror=\"this.style.display='none'\"  \/>\n<h3>\n\t\tVidaus k\u016brimas\n\t<\/h3>\n\t<p>Precizi\u0161kai suprojektuota, kad b\u016bt\u0173 u\u017etikrinta neprilygstama kokyb\u0117 ir patikimumas.<\/p>\n\t\t\t\t<img loading=\"lazy\" decoding=\"async\" src=\"http:\/\/xirgoglobal.com\/wp-content\/uploads\/2025\/01\/xirgo-difference_flexible-customization_sqr.webp\" alt=\"flexible customization\" itemprop=\"image\" height=\"520\" width=\"520\" title=\"flexible customization\" onerror=\"this.style.display='none'\"  \/>\n<h3>\n\t\tLankstus pritaikymas\n\t<\/h3>\n\t<p>Sprendimai, skirti j\u016bs\u0173 unikaliems veiklos i\u0161\u0161\u016bkiams spr\u0119sti.<\/p>\n\t\t\t\t<img loading=\"lazy\" decoding=\"async\" src=\"http:\/\/xirgoglobal.com\/wp-content\/uploads\/2025\/01\/xirgo-difference_ai-insights_sqr.webp\" alt=\"ai-driven insights\" itemprop=\"image\" height=\"520\" width=\"520\" title=\"ai-driven insights\" onerror=\"this.style.display='none'\"  \/>\n<h3>\n\t\tDirbtinio intelekto valdomas \u012e\u017evalgos\n\t<\/h3>\n\t<p>Veiksmingi duomenys, leid\u017eiantys optimizuoti na\u0161um\u0105 ir saug\u0105.<\/p>\n\t\t\t\t<img loading=\"lazy\" decoding=\"async\" src=\"http:\/\/xirgoglobal.com\/wp-content\/uploads\/2025\/01\/xirgo-difference_partner-centric-approach_sqr.webp\" alt=\"partner-centric approach\" itemprop=\"image\" height=\"520\" width=\"520\" title=\"partner-centric approach\" onerror=\"this.style.display='none'\"  \/>\n<h3>\n\t\t\u012e partnerius orientuotas po\u017ei\u016bris\n\t<\/h3>\n\t<p>Visapusi\u0161ka parama prie\u0161 \u012fgyvendinim\u0105, jo metu ir po jo.<\/p>\n\t\t\t\t<img loading=\"lazy\" decoding=\"async\" src=\"http:\/\/xirgoglobal.com\/wp-content\/uploads\/2025\/01\/xirgo-difference_scalable-ecosystems_sqr.webp\" alt=\"scalable ecosystems\" itemprop=\"image\" height=\"520\" width=\"520\" title=\"scalable ecosystems\" onerror=\"this.style.display='none'\"  \/>\n<h3>\n\t\tMasteliuojamos ekosistemos\n\t<\/h3>\n\t<p>Moduliniai sprendimai, kurie auga kartu su j\u016bs\u0173 verslu.<\/p>\n<h3>\n\t\tI\u0161maniosios automobili\u0173 parko logistikos ateitis jau \u010dia.\n\t<\/h3>\n\t\t\t\t<img loading=\"lazy\" decoding=\"async\" src=\"http:\/\/xirgoglobal.com\/wp-content\/uploads\/2025\/01\/semi-truck.webp\" alt=\"semi-truck\" itemprop=\"image\" height=\"599\" width=\"911\" title=\"semi-truck\" onerror=\"this.style.display='none'\"  \/>\n<h2>\n\t\tEsame ne tik paslaug\u0173 teik\u0117jas, bet ir j\u016bs\u0173 s\u0117km\u0117s partneris.\n\t<\/h2>\n\t<p>Si\u016blome visapusi\u0161k\u0105 palaikym\u0105, glaud\u017eiai bendradarbiaujame, kad m\u016bs\u0173 sprendimai dirbt\u0173 jums, o ne atvirk\u0161\u010diai. Nuo pradinio diegimo iki nuolatinio optimizavimo &#8211; esame su jumis kiekviename \u017eingsnyje ir padedame jums pasiekti nauj\u0105 efektyvumo ir pelningumo lyg\u012f. <\/p>\n<h2>\n\t\tAr esate pasireng\u0119 pakeisti savo transporto priemoni\u0173 park\u0105?\n\t<\/h2>\n\t<p>Su\u017einokite daugiau apie tai, kaip &#8222;Xirgo&#8221; &#8222;Smart Fleet Logistics&#8221; technologijos gali pad\u0117ti j\u016bs\u0173 automobili\u0173 parkui dirbti i\u0161maniau, saugiau ir efektyviau.<\/p>\n\t\t\t<a href=\"\/lt\/susisiekite\/susisiekite-su-mumis\/\" target=\"_self\">\n\t\t\t\t\t\t\tSusisiekite su mumis\n\t\t\t\t\t<\/a>\n\n","protected":false},"excerpt":{"rendered":"<p>J\u016bs\u0173 patikimas partneris i\u0161maniosios automobili\u0173 parko logistikos srityje Suteikiame j\u016bs\u0173 verslui galimyb\u0119 naudotis modulin\u0117mis daikt\u0173 interneto ekosistemomis, dirbtiniu intelektu paremtu informuotumu ir nepalau\u017eiamu \u012fsipareigojimu siekti j\u016bs\u0173 s\u0117km\u0117s. I\u0161nagrin\u0117ti sprendimus &#8222;Xirgo&#8221; \u017eino, kad kiekvienas laivynas yra unikalus. Tod\u0117l savo sprendimus projektuojame ir kuriame patys, u\u017etikrindami neprilygstam\u0105 kokyb\u0119, patikimum\u0105 ir lankst\u0173 pritaikym\u0105 pagal j\u016bs\u0173 konkre\u010dius poreikius. Nuo&hellip;<\/p>\n","protected":false},"author":2,"featured_media":3935,"parent":0,"menu_order":0,"comment_status":"closed","ping_status":"closed","template":"","meta":{"_acf_changed":false,"footnotes":""},"hf_cat_page":[],"class_list":["post-3163","page","type-page","status-publish","has-post-thumbnail","hentry"],"acf":[],"yoast_head":"<!-- This site is optimized with the Yoast SEO plugin v27.4 - https:\/\/yoast.com\/product\/yoast-seo-wordpress\/ -->\n<title>I\u0161maniosios automobili\u0173 parko logistikos lyderis | Xirgo Global<\/title>\n<meta name=\"description\" content=\"Ar esate pasireng\u0119 pakeisti savo transporto priemoni\u0173 park\u0105? Susipa\u017einkite, kaip &quot;Xirgo&quot; &quot;Smart Fleet Logistics&quot; technologijos gali pad\u0117ti j\u016bs\u0173 automobili\u0173 parkui dirbti i\u0161maniau, saugiau ir efektyviau.\" \/>\n<meta name=\"robots\" content=\"index, follow, max-snippet:-1, max-image-preview:large, max-video-preview:-1\" \/>\n<link rel=\"canonical\" href=\"https:\/\/xirgoglobal.com\/lt\/\" \/>\n<meta property=\"og:locale\" content=\"lt_LT\" \/>\n<meta property=\"og:type\" content=\"article\" \/>\n<meta property=\"og:title\" content=\"I\u0161maniosios automobili\u0173 parko logistikos lyderis | Xirgo Global\" \/>\n<meta property=\"og:description\" content=\"Ar esate pasireng\u0119 pakeisti savo transporto priemoni\u0173 park\u0105? Susipa\u017einkite, kaip &quot;Xirgo&quot; &quot;Smart Fleet Logistics&quot; technologijos gali pad\u0117ti j\u016bs\u0173 automobili\u0173 parkui dirbti i\u0161maniau, saugiau ir efektyviau.\" \/>\n<meta property=\"og:url\" content=\"https:\/\/xirgoglobal.com\/lt\/\" \/>\n<meta property=\"og:site_name\" content=\"Xirgo Global\" \/>\n<meta property=\"article:modified_time\" content=\"2025-08-11T16:33:46+00:00\" \/>\n<meta property=\"og:image\" content=\"https:\/\/xirgoglobal.com\/wp-content\/uploads\/2025\/07\/home-hero-handshake.webp\" \/>\n\t<meta property=\"og:image:width\" content=\"1036\" \/>\n\t<meta property=\"og:image:height\" content=\"763\" \/>\n\t<meta property=\"og:image:type\" content=\"image\/webp\" \/>\n<meta name=\"twitter:card\" content=\"summary_large_image\" \/>\n<meta name=\"twitter:label1\" content=\"Est. reading time\" \/>\n\t<meta name=\"twitter:data1\" content=\"3 minut\u0117s\" \/>\n<script type=\"application\/ld+json\" class=\"yoast-schema-graph\">{\"@context\":\"https:\\\/\\\/schema.org\",\"@graph\":[{\"@type\":\"WebPage\",\"@id\":\"https:\\\/\\\/xirgoglobal.com\\\/lt\\\/\",\"url\":\"https:\\\/\\\/xirgoglobal.com\\\/lt\\\/\",\"name\":\"I\u0161maniosios automobili\u0173 parko logistikos lyderis | Xirgo Global\",\"isPartOf\":{\"@id\":\"https:\\\/\\\/xirgoglobal.com\\\/lt\\\/#website\"},\"primaryImageOfPage\":{\"@id\":\"https:\\\/\\\/xirgoglobal.com\\\/lt\\\/#primaryimage\"},\"image\":{\"@id\":\"https:\\\/\\\/xirgoglobal.com\\\/lt\\\/#primaryimage\"},\"thumbnailUrl\":\"https:\\\/\\\/xirgoglobal.com\\\/wp-content\\\/uploads\\\/2025\\\/07\\\/home-hero-handshake.webp\",\"datePublished\":\"2024-12-13T00:54:51+00:00\",\"dateModified\":\"2025-08-11T16:33:46+00:00\",\"description\":\"Ar esate pasireng\u0119 pakeisti savo transporto priemoni\u0173 park\u0105? Susipa\u017einkite, kaip \\\"Xirgo\\\" \\\"Smart Fleet Logistics\\\" technologijos gali pad\u0117ti j\u016bs\u0173 automobili\u0173 parkui dirbti i\u0161maniau, saugiau ir efektyviau.\",\"breadcrumb\":{\"@id\":\"https:\\\/\\\/xirgoglobal.com\\\/lt\\\/#breadcrumb\"},\"inLanguage\":\"lt-LT\",\"potentialAction\":[{\"@type\":\"ReadAction\",\"target\":[\"https:\\\/\\\/xirgoglobal.com\\\/lt\\\/\"]}]},{\"@type\":\"ImageObject\",\"inLanguage\":\"lt-LT\",\"@id\":\"https:\\\/\\\/xirgoglobal.com\\\/lt\\\/#primaryimage\",\"url\":\"https:\\\/\\\/xirgoglobal.com\\\/wp-content\\\/uploads\\\/2025\\\/07\\\/home-hero-handshake.webp\",\"contentUrl\":\"https:\\\/\\\/xirgoglobal.com\\\/wp-content\\\/uploads\\\/2025\\\/07\\\/home-hero-handshake.webp\",\"width\":1036,\"height\":763},{\"@type\":\"BreadcrumbList\",\"@id\":\"https:\\\/\\\/xirgoglobal.com\\\/lt\\\/#breadcrumb\",\"itemListElement\":[{\"@type\":\"ListItem\",\"position\":1,\"name\":\"Home\",\"item\":\"https:\\\/\\\/xirgoglobal.com\\\/lt\\\/\"},{\"@type\":\"ListItem\",\"position\":2,\"name\":\"Pagrindinis\"}]},{\"@type\":\"WebSite\",\"@id\":\"https:\\\/\\\/xirgoglobal.com\\\/lt\\\/#website\",\"url\":\"https:\\\/\\\/xirgoglobal.com\\\/lt\\\/\",\"name\":\"Xirgo Global\",\"description\":\"\",\"potentialAction\":[{\"@type\":\"SearchAction\",\"target\":{\"@type\":\"EntryPoint\",\"urlTemplate\":\"https:\\\/\\\/xirgoglobal.com\\\/lt\\\/?s={search_term_string}\"},\"query-input\":{\"@type\":\"PropertyValueSpecification\",\"valueRequired\":true,\"valueName\":\"search_term_string\"}}],\"inLanguage\":\"lt-LT\"}]}<\/script>\n<!-- \/ Yoast SEO plugin. -->","yoast_head_json":{"title":"I\u0161maniosios automobili\u0173 parko logistikos lyderis | Xirgo Global","description":"Ar esate pasireng\u0119 pakeisti savo transporto priemoni\u0173 park\u0105? Susipa\u017einkite, kaip \"Xirgo\" \"Smart Fleet Logistics\" technologijos gali pad\u0117ti j\u016bs\u0173 automobili\u0173 parkui dirbti i\u0161maniau, saugiau ir efektyviau.","robots":{"index":"index","follow":"follow","max-snippet":"max-snippet:-1","max-image-preview":"max-image-preview:large","max-video-preview":"max-video-preview:-1"},"canonical":"https:\/\/xirgoglobal.com\/lt\/","og_locale":"lt_LT","og_type":"article","og_title":"I\u0161maniosios automobili\u0173 parko logistikos lyderis | Xirgo Global","og_description":"Ar esate pasireng\u0119 pakeisti savo transporto priemoni\u0173 park\u0105? Susipa\u017einkite, kaip \"Xirgo\" \"Smart Fleet Logistics\" technologijos gali pad\u0117ti j\u016bs\u0173 automobili\u0173 parkui dirbti i\u0161maniau, saugiau ir efektyviau.","og_url":"https:\/\/xirgoglobal.com\/lt\/","og_site_name":"Xirgo Global","article_modified_time":"2025-08-11T16:33:46+00:00","og_image":[{"width":1036,"height":763,"url":"https:\/\/xirgoglobal.com\/wp-content\/uploads\/2025\/07\/home-hero-handshake.webp","type":"image\/webp"}],"twitter_card":"summary_large_image","twitter_misc":{"Est. reading time":"3 minut\u0117s"},"schema":{"@context":"https:\/\/schema.org","@graph":[{"@type":"WebPage","@id":"https:\/\/xirgoglobal.com\/lt\/","url":"https:\/\/xirgoglobal.com\/lt\/","name":"I\u0161maniosios automobili\u0173 parko logistikos lyderis | Xirgo Global","isPartOf":{"@id":"https:\/\/xirgoglobal.com\/lt\/#website"},"primaryImageOfPage":{"@id":"https:\/\/xirgoglobal.com\/lt\/#primaryimage"},"image":{"@id":"https:\/\/xirgoglobal.com\/lt\/#primaryimage"},"thumbnailUrl":"https:\/\/xirgoglobal.com\/wp-content\/uploads\/2025\/07\/home-hero-handshake.webp","datePublished":"2024-12-13T00:54:51+00:00","dateModified":"2025-08-11T16:33:46+00:00","description":"Ar esate pasireng\u0119 pakeisti savo transporto priemoni\u0173 park\u0105? Susipa\u017einkite, kaip \"Xirgo\" \"Smart Fleet Logistics\" technologijos gali pad\u0117ti j\u016bs\u0173 automobili\u0173 parkui dirbti i\u0161maniau, saugiau ir efektyviau.","breadcrumb":{"@id":"https:\/\/xirgoglobal.com\/lt\/#breadcrumb"},"inLanguage":"lt-LT","potentialAction":[{"@type":"ReadAction","target":["https:\/\/xirgoglobal.com\/lt\/"]}]},{"@type":"ImageObject","inLanguage":"lt-LT","@id":"https:\/\/xirgoglobal.com\/lt\/#primaryimage","url":"https:\/\/xirgoglobal.com\/wp-content\/uploads\/2025\/07\/home-hero-handshake.webp","contentUrl":"https:\/\/xirgoglobal.com\/wp-content\/uploads\/2025\/07\/home-hero-handshake.webp","width":1036,"height":763},{"@type":"BreadcrumbList","@id":"https:\/\/xirgoglobal.com\/lt\/#breadcrumb","itemListElement":[{"@type":"ListItem","position":1,"name":"Home","item":"https:\/\/xirgoglobal.com\/lt\/"},{"@type":"ListItem","position":2,"name":"Pagrindinis"}]},{"@type":"WebSite","@id":"https:\/\/xirgoglobal.com\/lt\/#website","url":"https:\/\/xirgoglobal.com\/lt\/","name":"Xirgo Global","description":"","potentialAction":[{"@type":"SearchAction","target":{"@type":"EntryPoint","urlTemplate":"https:\/\/xirgoglobal.com\/lt\/?s={search_term_string}"},"query-input":{"@type":"PropertyValueSpecification","valueRequired":true,"valueName":"search_term_string"}}],"inLanguage":"lt-LT"}]}},"_links":{"self":[{"href":"https:\/\/xirgoglobal.com\/lt\/wp-json\/wp\/v2\/pages\/3163","targetHints":{"allow":["GET"]}}],"collection":[{"href":"https:\/\/xirgoglobal.com\/lt\/wp-json\/wp\/v2\/pages"}],"about":[{"href":"https:\/\/xirgoglobal.com\/lt\/wp-json\/wp\/v2\/types\/page"}],"author":[{"embeddable":true,"href":"https:\/\/xirgoglobal.com\/lt\/wp-json\/wp\/v2\/users\/2"}],"replies":[{"embeddable":true,"href":"https:\/\/xirgoglobal.com\/lt\/wp-json\/wp\/v2\/comments?post=3163"}],"version-history":[{"count":0,"href":"https:\/\/xirgoglobal.com\/lt\/wp-json\/wp\/v2\/pages\/3163\/revisions"}],"wp:featuredmedia":[{"embeddable":true,"href":"https:\/\/xirgoglobal.com\/lt\/wp-json\/wp\/v2\/media\/3935"}],"wp:attachment":[{"href":"https:\/\/xirgoglobal.com\/lt\/wp-json\/wp\/v2\/media?parent=3163"}],"wp:term":[{"taxonomy":"hf_cat_page","embeddable":true,"href":"https:\/\/xirgoglobal.com\/lt\/wp-json\/wp\/v2\/hf_cat_page?post=3163"}],"curies":[{"name":"wp","href":"https:\/\/api.w.org\/{rel}","templated":true}]}}