{"id":3158,"date":"2025-02-04T15:25:40","date_gmt":"2025-02-04T21:25:40","guid":{"rendered":"http:\/\/xirgoglobal.com\/savivaldybes\/"},"modified":"2026-01-19T03:41:45","modified_gmt":"2026-01-19T09:41:45","slug":"savivaldybes","status":"publish","type":"page","link":"https:\/\/xirgoglobal.com\/lt\/pramones-sakos\/savivaldybes\/","title":{"rendered":"Specializuota \u012franga"},"content":{"rendered":"\n\n\t\t\t\t<img loading=\"lazy\" decoding=\"async\" src=\"https:\/\/xirgoglobal.ignitesolutions.com\/wp-content\/uploads\/2025\/02\/Municipalities_main-inset_1.webp\" alt=\"Municipalities_main-inset_1\" itemprop=\"image\" height=\"600\" width=\"860\" title=\"Municipalities_main-inset_1\" onerror=\"this.style.display='none'\"  \/>\n<h2>\n\t\tI\u0161manieji miestai prasideda nuo i\u0161manesnio transporto parko.\n\t<\/h2>\n\t<p>Reagavimas \u012f ekstremalias situacijas? Patikrinkite. Atliek\u0173 surinkimas? Patikrinta. Sniego valymas? Patikrinta. Nuo policijos automobili\u0173 iki technin\u0117s prie\u017ei\u016bros sunkve\u017eimi\u0173, nuo pl\u016bg\u0173 iki autobus\u0173 &#8211; m\u016bs\u0173 naujovi\u0161ki vaizdo ir transporto priemoni\u0173 telematikos produktai padeda savivaldyb\u0117ms lengvai, efektyviai ir tiksliai steb\u0117ti ir valdyti savo transporto priemoni\u0173 parkus.      <\/p>\n<ul>\n<li>Vairuotoj\u0173 steb\u0117jimas<\/li>\n<li>Transporto priemon\u0117s buvimo vietos nustatymas ir diagnostika<\/li>\n<li>Vaizdo telematika (tik kelio, kelio ir vairuotojo, keli\u0173 vaizd\u0173)<\/li>\n<li>\u012erangos steb\u0117jimas<\/li>\n<li>I\u0161pl\u0117sta turto apsauga<\/li>\n<\/ul>\n<h2>\n\t\tPakelkite veiklos efektyvum\u0105 \u012f auk\u0161tesn\u012f lyg\u012f.\n\t<\/h2>\n\t<p>Valdykite savivaldybi\u0173 transporto priemoni\u0173 naudojim\u0105 ir b\u016bkl\u0119, kad maksimaliai i\u0161naudotum\u0117te transporto priemoni\u0173 parko galimybes ir nevir\u0161ytum\u0117te riboto biud\u017eeto.<\/p>\n\t\t\t\t\t<a href=\"#\" id=\"fl-accordion--label-0\" tabindex=\"0\" aria-controls=\"fl-accordion--panel-0\">Rekomenduojamas (-i) produktas (-ai)<\/a>\n\t\t\t\t\t\t\t\t\t\t\t<a href=\"#\" id=\"fl-accordion--icon-0\" tabindex=\"-1\"><i title=\"Expand\">Expand<\/i><\/a>\n\t\t\t\t\t<p><img loading=\"lazy\" decoding=\"async\" src=\"\/wp-content\/uploads\/2025\/02\/xirgo-product-XT53.webp\" alt=\"XT5300 serija\" width=\"160\" height=\"160\"\/><\/p>\n<h4>XT53 serija<\/h4>\n<p>Itin kompakti\u0161kas mobilusis sekimo \u012frenginys u\u017etikrina iki septyneri\u0173 met\u0173 baterijos veikimo trukm\u0119, kad b\u016bt\u0173 u\u017etikrinta neprilygstama ilgalaik\u0117 turto apsauga. Sukurtas tvirtai ir pritaikytas realiam naudojimui, XT53 padeda kontroliuoti turt\u0105 dabar ir ateityje. <\/p>\n\t\t\t\t<img loading=\"lazy\" decoding=\"async\" src=\"https:\/\/xirgoglobal.ignitesolutions.com\/wp-content\/uploads\/2025\/02\/Municipalities_inset2.webp\" alt=\"Municipalities_inset2\" itemprop=\"image\" height=\"600\" width=\"860\" title=\"Municipalities_inset2\" onerror=\"this.style.display='none'\"  \/>\n\t\t\t\t<img loading=\"lazy\" decoding=\"async\" src=\"https:\/\/xirgoglobal.ignitesolutions.com\/wp-content\/uploads\/2025\/02\/Municipalities_inset1.webp\" alt=\"Municipalities_inset1\" itemprop=\"image\" height=\"600\" width=\"860\" title=\"Municipalities_inset1\" onerror=\"this.style.display='none'\"  \/>\n<h2>\n\t\tPadidinkite parko vairuotoj\u0173 na\u0161um\u0105 ir saugum\u0105.\n\t<\/h2>\n\t<p>Suma\u017einkite atsakomyb\u0119 naudodami \u012fsp\u0117jimus realiuoju laiku, steb\u0117kite, ar vairuotoj\u0173 elgesys n\u0117ra nesaugus, ir pad\u0117kite u\u017ekirsti keli\u0105 incidentams kelyje dar prie\u0161 jiems \u012fvykstant.<\/p>\n\t\t\t\t\t<a href=\"#\" id=\"fl-accordion--label-0\" tabindex=\"0\" aria-controls=\"fl-accordion--panel-0\">Rekomenduojamas (-i) produktas (-ai)<\/a>\n\t\t\t\t\t\t\t\t\t\t\t<a href=\"#\" id=\"fl-accordion--icon-0\" tabindex=\"-1\"><i title=\"Expand\">Expand<\/i><\/a>\n\t\t\t\t\t<p><img loading=\"lazy\" decoding=\"async\" src=\"\/wp-content\/uploads\/2025\/02\/xirgo_product_KP2-AI-camera.webp\" alt=\"KP2 AI kamera\" width=\"160\" height=\"160\"\/><\/p>\n<h4>KP2 AI kamera<\/h4>\n<p>Unikali modulin\u0117 HD rai\u0161kos \u012f keli\u0105 nukreipta prietais\u0173 skydelio kamera, u\u017etikrinanti \u012f keli\u0105 ir pasirinktinai \u012f vairuotoj\u0105 nukreipt\u0105 matomum\u0105, taip pat ADAS ir DSM funkcijas &#8211; visa tai yra vienas prijungiamas vaizdo telematikos \u012frenginys.<\/p>\n<h2>\n\t\tSteb\u0117kite didel\u0117s vert\u0117s transporto priemones ir \u012frang\u0105.\n\t<\/h2>\n\t<p>Maksimaliai padidinkite efektyvum\u0105 ir panaudojim\u0105, nes nuolat \u017einote, kur yra svarbiausias turtas ir kokia jo b\u016bkl\u0117.<\/p>\n\t\t\t\t\t<a href=\"#\" id=\"fl-accordion--label-0\" tabindex=\"0\" aria-controls=\"fl-accordion--panel-0\">Rekomenduojamas (-i) produktas (-ai)<\/a>\n\t\t\t\t\t\t\t\t\t\t\t<a href=\"#\" id=\"fl-accordion--icon-0\" tabindex=\"-1\"><i title=\"Expand\">Expand<\/i><\/a>\n\t\t\t\t\t<p><img loading=\"lazy\" decoding=\"async\" src=\"\/wp-content\/uploads\/2025\/02\/xirgo_product_XT2500.webp\" alt=\"XT2500 serija\" width=\"160\" height=\"160\"\/><\/p>\n<h4>XT25 serija<\/h4>\n<p>Universalus transporto priemon\u0117s sekimo \u012frenginys (VTU), skirtas naudoti lengvosiose ir (arba) keleivin\u0117se transporto priemon\u0117se. Lengvai pritaikomas sunkiasvoriams sunkve\u017eimiams. <\/p>\n<p><img loading=\"lazy\" decoding=\"async\" src=\"\/wp-content\/uploads\/2025\/02\/ftrd-prod-inset-xt4500.webp\" alt=\"XT4500 serija\" width=\"160\" height=\"160\"\/><\/p>\n<h4>XT45 serija<\/h4>\n<p>Idealiai tinka steb\u0117ti ir valdyti didel\u0117s vert\u0117s nutolusius objektus, kai labai svarbu, kad b\u016bt\u0173 galima naudotis \u012fvesties energija. GPS steb\u0117jimas t\u0119siasi ekstremaliomis s\u0105lygomis, kai dauguma kit\u0173 konkuruojan\u010di\u0173 produkt\u0173 neveikia. <\/p>\n\t\t\t\t<img loading=\"lazy\" decoding=\"async\" src=\"https:\/\/xirgoglobal.ignitesolutions.com\/wp-content\/uploads\/2025\/02\/Municipalities_inset3.webp\" alt=\"Municipalities_inset3\" itemprop=\"image\" height=\"600\" width=\"860\" title=\"Municipalities_inset3\" onerror=\"this.style.display='none'\"  \/>\n<h2>\n\t\tSu\u017einokite patys\n\t<\/h2>\n\t<p>&#8222;Xirgo&#8221; esame daugiau nei technologij\u0173 tiek\u0117jas &#8211; esame j\u016bs\u0173 partneris siekiant produktyvumo, saugumo ir s\u0117km\u0117s. Jud\u0117kime pirmyn kartu. <\/p>\n\t\t\t<a href=\"\/lt\/susisiekite\/susisiekite-su-mumis\/\" target=\"_self\">\n\t\t\t\t\t\t\tSusisiekite su mumis\n\t\t\t\t\t<\/a>\n\n","protected":false},"excerpt":{"rendered":"<p>I\u0161manieji miestai prasideda nuo i\u0161manesnio transporto parko. Reagavimas \u012f ekstremalias situacijas? Patikrinkite. Atliek\u0173 surinkimas? Patikrinta. Sniego valymas? Patikrinta. Nuo policijos automobili\u0173 iki technin\u0117s prie\u017ei\u016bros sunkve\u017eimi\u0173, nuo pl\u016bg\u0173 iki autobus\u0173 &#8211; m\u016bs\u0173 naujovi\u0161ki vaizdo ir transporto priemoni\u0173 telematikos produktai padeda savivaldyb\u0117ms lengvai, efektyviai ir tiksliai steb\u0117ti ir valdyti savo transporto priemoni\u0173 parkus. Vairuotoj\u0173 steb\u0117jimas Transporto priemon\u0117s&hellip;<\/p>\n","protected":false},"author":2,"featured_media":1563,"parent":3175,"menu_order":0,"comment_status":"closed","ping_status":"closed","template":"","meta":{"_acf_changed":false,"footnotes":""},"hf_cat_page":[],"class_list":["post-3158","page","type-page","status-publish","has-post-thumbnail","hentry"],"acf":[],"yoast_head":"<!-- This site is optimized with the Yoast SEO plugin v27.4 - https:\/\/yoast.com\/product\/yoast-seo-wordpress\/ -->\n<title>\u012erangos turto valdymas %|% Xirgo Global<\/title>\n<meta name=\"description\" content=\"Naudodami &quot;Xirgo&quot; \u012frangos turto valdymo technologijas maksimaliai padidinkite specializuotos \u012frangos, parko efektyvum\u0105, saugum\u0105 ir pajamas.\" \/>\n<meta name=\"robots\" content=\"index, follow, max-snippet:-1, max-image-preview:large, max-video-preview:-1\" \/>\n<link rel=\"canonical\" href=\"https:\/\/xirgoglobal.com\/lt\/pramones-sakos\/savivaldybes\/\" \/>\n<meta property=\"og:locale\" content=\"lt_LT\" \/>\n<meta property=\"og:type\" content=\"article\" \/>\n<meta property=\"og:title\" content=\"\u012erangos turto valdymas %|% Xirgo Global\" \/>\n<meta property=\"og:description\" content=\"Naudodami &quot;Xirgo&quot; \u012frangos turto valdymo technologijas maksimaliai padidinkite specializuotos \u012frangos, parko efektyvum\u0105, saugum\u0105 ir pajamas.\" \/>\n<meta property=\"og:url\" content=\"https:\/\/xirgoglobal.com\/lt\/pramones-sakos\/savivaldybes\/\" \/>\n<meta property=\"og:site_name\" content=\"Xirgo Global\" \/>\n<meta property=\"article:modified_time\" content=\"2026-01-19T09:41:45+00:00\" \/>\n<meta property=\"og:image\" content=\"https:\/\/xirgoglobal.com\/wp-content\/uploads\/2025\/02\/Xirgo_Industries_Mun_hero.webp\" \/>\n\t<meta property=\"og:image:width\" content=\"1433\" \/>\n\t<meta property=\"og:image:height\" content=\"600\" \/>\n\t<meta property=\"og:image:type\" content=\"image\/webp\" \/>\n<meta name=\"twitter:card\" content=\"summary_large_image\" \/>\n<meta name=\"twitter:label1\" content=\"Est. reading time\" \/>\n\t<meta name=\"twitter:data1\" content=\"2 minut\u0117s\" \/>\n<script type=\"application\/ld+json\" class=\"yoast-schema-graph\">{\"@context\":\"https:\\\/\\\/schema.org\",\"@graph\":[{\"@type\":\"WebPage\",\"@id\":\"https:\\\/\\\/xirgoglobal.com\\\/lt\\\/pramones-sakos\\\/savivaldybes\\\/\",\"url\":\"https:\\\/\\\/xirgoglobal.com\\\/lt\\\/pramones-sakos\\\/savivaldybes\\\/\",\"name\":\"\u012erangos turto valdymas %|% Xirgo Global\",\"isPartOf\":{\"@id\":\"https:\\\/\\\/xirgoglobal.com\\\/lt\\\/#website\"},\"primaryImageOfPage\":{\"@id\":\"https:\\\/\\\/xirgoglobal.com\\\/lt\\\/pramones-sakos\\\/savivaldybes\\\/#primaryimage\"},\"image\":{\"@id\":\"https:\\\/\\\/xirgoglobal.com\\\/lt\\\/pramones-sakos\\\/savivaldybes\\\/#primaryimage\"},\"thumbnailUrl\":\"https:\\\/\\\/xirgoglobal.com\\\/wp-content\\\/uploads\\\/2025\\\/02\\\/Xirgo_Industries_Mun_hero.webp\",\"datePublished\":\"2025-02-04T21:25:40+00:00\",\"dateModified\":\"2026-01-19T09:41:45+00:00\",\"description\":\"Naudodami \\\"Xirgo\\\" \u012frangos turto valdymo technologijas maksimaliai padidinkite specializuotos \u012frangos, parko efektyvum\u0105, saugum\u0105 ir pajamas.\",\"breadcrumb\":{\"@id\":\"https:\\\/\\\/xirgoglobal.com\\\/lt\\\/pramones-sakos\\\/savivaldybes\\\/#breadcrumb\"},\"inLanguage\":\"lt-LT\",\"potentialAction\":[{\"@type\":\"ReadAction\",\"target\":[\"https:\\\/\\\/xirgoglobal.com\\\/lt\\\/pramones-sakos\\\/savivaldybes\\\/\"]}]},{\"@type\":\"ImageObject\",\"inLanguage\":\"lt-LT\",\"@id\":\"https:\\\/\\\/xirgoglobal.com\\\/lt\\\/pramones-sakos\\\/savivaldybes\\\/#primaryimage\",\"url\":\"https:\\\/\\\/xirgoglobal.com\\\/wp-content\\\/uploads\\\/2025\\\/02\\\/Xirgo_Industries_Mun_hero.webp\",\"contentUrl\":\"https:\\\/\\\/xirgoglobal.com\\\/wp-content\\\/uploads\\\/2025\\\/02\\\/Xirgo_Industries_Mun_hero.webp\",\"width\":1433,\"height\":600},{\"@type\":\"BreadcrumbList\",\"@id\":\"https:\\\/\\\/xirgoglobal.com\\\/lt\\\/pramones-sakos\\\/savivaldybes\\\/#breadcrumb\",\"itemListElement\":[{\"@type\":\"ListItem\",\"position\":1,\"name\":\"Home\",\"item\":\"https:\\\/\\\/xirgoglobal.com\\\/lt\\\/\"},{\"@type\":\"ListItem\",\"position\":2,\"name\":\"Sprendimai\",\"item\":\"https:\\\/\\\/xirgoglobal.com\\\/lt\\\/pramones-sakos\\\/\"},{\"@type\":\"ListItem\",\"position\":3,\"name\":\"Specializuota \u012franga\"}]},{\"@type\":\"WebSite\",\"@id\":\"https:\\\/\\\/xirgoglobal.com\\\/lt\\\/#website\",\"url\":\"https:\\\/\\\/xirgoglobal.com\\\/lt\\\/\",\"name\":\"Xirgo Global\",\"description\":\"\",\"potentialAction\":[{\"@type\":\"SearchAction\",\"target\":{\"@type\":\"EntryPoint\",\"urlTemplate\":\"https:\\\/\\\/xirgoglobal.com\\\/lt\\\/?s={search_term_string}\"},\"query-input\":{\"@type\":\"PropertyValueSpecification\",\"valueRequired\":true,\"valueName\":\"search_term_string\"}}],\"inLanguage\":\"lt-LT\"}]}<\/script>\n<!-- \/ Yoast SEO plugin. -->","yoast_head_json":{"title":"\u012erangos turto valdymas %|% Xirgo Global","description":"Naudodami \"Xirgo\" \u012frangos turto valdymo technologijas maksimaliai padidinkite specializuotos \u012frangos, parko efektyvum\u0105, saugum\u0105 ir pajamas.","robots":{"index":"index","follow":"follow","max-snippet":"max-snippet:-1","max-image-preview":"max-image-preview:large","max-video-preview":"max-video-preview:-1"},"canonical":"https:\/\/xirgoglobal.com\/lt\/pramones-sakos\/savivaldybes\/","og_locale":"lt_LT","og_type":"article","og_title":"\u012erangos turto valdymas %|% Xirgo Global","og_description":"Naudodami \"Xirgo\" \u012frangos turto valdymo technologijas maksimaliai padidinkite specializuotos \u012frangos, parko efektyvum\u0105, saugum\u0105 ir pajamas.","og_url":"https:\/\/xirgoglobal.com\/lt\/pramones-sakos\/savivaldybes\/","og_site_name":"Xirgo Global","article_modified_time":"2026-01-19T09:41:45+00:00","og_image":[{"width":1433,"height":600,"url":"https:\/\/xirgoglobal.com\/wp-content\/uploads\/2025\/02\/Xirgo_Industries_Mun_hero.webp","type":"image\/webp"}],"twitter_card":"summary_large_image","twitter_misc":{"Est. reading time":"2 minut\u0117s"},"schema":{"@context":"https:\/\/schema.org","@graph":[{"@type":"WebPage","@id":"https:\/\/xirgoglobal.com\/lt\/pramones-sakos\/savivaldybes\/","url":"https:\/\/xirgoglobal.com\/lt\/pramones-sakos\/savivaldybes\/","name":"\u012erangos turto valdymas %|% Xirgo Global","isPartOf":{"@id":"https:\/\/xirgoglobal.com\/lt\/#website"},"primaryImageOfPage":{"@id":"https:\/\/xirgoglobal.com\/lt\/pramones-sakos\/savivaldybes\/#primaryimage"},"image":{"@id":"https:\/\/xirgoglobal.com\/lt\/pramones-sakos\/savivaldybes\/#primaryimage"},"thumbnailUrl":"https:\/\/xirgoglobal.com\/wp-content\/uploads\/2025\/02\/Xirgo_Industries_Mun_hero.webp","datePublished":"2025-02-04T21:25:40+00:00","dateModified":"2026-01-19T09:41:45+00:00","description":"Naudodami \"Xirgo\" \u012frangos turto valdymo technologijas maksimaliai padidinkite specializuotos \u012frangos, parko efektyvum\u0105, saugum\u0105 ir pajamas.","breadcrumb":{"@id":"https:\/\/xirgoglobal.com\/lt\/pramones-sakos\/savivaldybes\/#breadcrumb"},"inLanguage":"lt-LT","potentialAction":[{"@type":"ReadAction","target":["https:\/\/xirgoglobal.com\/lt\/pramones-sakos\/savivaldybes\/"]}]},{"@type":"ImageObject","inLanguage":"lt-LT","@id":"https:\/\/xirgoglobal.com\/lt\/pramones-sakos\/savivaldybes\/#primaryimage","url":"https:\/\/xirgoglobal.com\/wp-content\/uploads\/2025\/02\/Xirgo_Industries_Mun_hero.webp","contentUrl":"https:\/\/xirgoglobal.com\/wp-content\/uploads\/2025\/02\/Xirgo_Industries_Mun_hero.webp","width":1433,"height":600},{"@type":"BreadcrumbList","@id":"https:\/\/xirgoglobal.com\/lt\/pramones-sakos\/savivaldybes\/#breadcrumb","itemListElement":[{"@type":"ListItem","position":1,"name":"Home","item":"https:\/\/xirgoglobal.com\/lt\/"},{"@type":"ListItem","position":2,"name":"Sprendimai","item":"https:\/\/xirgoglobal.com\/lt\/pramones-sakos\/"},{"@type":"ListItem","position":3,"name":"Specializuota \u012franga"}]},{"@type":"WebSite","@id":"https:\/\/xirgoglobal.com\/lt\/#website","url":"https:\/\/xirgoglobal.com\/lt\/","name":"Xirgo Global","description":"","potentialAction":[{"@type":"SearchAction","target":{"@type":"EntryPoint","urlTemplate":"https:\/\/xirgoglobal.com\/lt\/?s={search_term_string}"},"query-input":{"@type":"PropertyValueSpecification","valueRequired":true,"valueName":"search_term_string"}}],"inLanguage":"lt-LT"}]}},"_links":{"self":[{"href":"https:\/\/xirgoglobal.com\/lt\/wp-json\/wp\/v2\/pages\/3158","targetHints":{"allow":["GET"]}}],"collection":[{"href":"https:\/\/xirgoglobal.com\/lt\/wp-json\/wp\/v2\/pages"}],"about":[{"href":"https:\/\/xirgoglobal.com\/lt\/wp-json\/wp\/v2\/types\/page"}],"author":[{"embeddable":true,"href":"https:\/\/xirgoglobal.com\/lt\/wp-json\/wp\/v2\/users\/2"}],"replies":[{"embeddable":true,"href":"https:\/\/xirgoglobal.com\/lt\/wp-json\/wp\/v2\/comments?post=3158"}],"version-history":[{"count":1,"href":"https:\/\/xirgoglobal.com\/lt\/wp-json\/wp\/v2\/pages\/3158\/revisions"}],"predecessor-version":[{"id":5033,"href":"https:\/\/xirgoglobal.com\/lt\/wp-json\/wp\/v2\/pages\/3158\/revisions\/5033"}],"up":[{"embeddable":true,"href":"https:\/\/xirgoglobal.com\/lt\/wp-json\/wp\/v2\/pages\/3175"}],"wp:featuredmedia":[{"embeddable":true,"href":"https:\/\/xirgoglobal.com\/lt\/wp-json\/wp\/v2\/media\/1563"}],"wp:attachment":[{"href":"https:\/\/xirgoglobal.com\/lt\/wp-json\/wp\/v2\/media?parent=3158"}],"wp:term":[{"taxonomy":"hf_cat_page","embeddable":true,"href":"https:\/\/xirgoglobal.com\/lt\/wp-json\/wp\/v2\/hf_cat_page?post=3158"}],"curies":[{"name":"wp","href":"https:\/\/api.w.org\/{rel}","templated":true}]}}