{"id":3152,"date":"2025-02-04T13:40:39","date_gmt":"2025-02-04T19:40:39","guid":{"rendered":"http:\/\/xirgoglobal.com\/komercinio-parko-ir-darbo-sunkvezimiai\/"},"modified":"2026-01-19T03:08:52","modified_gmt":"2026-01-19T09:08:52","slug":"komercinio-parko-ir-darbo-sunkvezimiai","status":"publish","type":"page","link":"https:\/\/xirgoglobal.com\/lt\/pramones-sakos\/komercinio-parko-ir-darbo-sunkvezimiai\/","title":{"rendered":"Lengvosios komercin\u0117s transporto priemon\u0117s"},"content":{"rendered":"","protected":false},"excerpt":{"rendered":"","protected":false},"author":2,"featured_media":4000,"parent":3175,"menu_order":0,"comment_status":"closed","ping_status":"closed","template":"","meta":{"_acf_changed":false,"footnotes":""},"hf_cat_page":[],"class_list":["post-3152","page","type-page","status-publish","has-post-thumbnail","hentry"],"acf":[],"yoast_head":"<!-- This site is optimized with the Yoast SEO plugin v27.4 - https:\/\/yoast.com\/product\/yoast-seo-wordpress\/ -->\n<title>Lengvosios komercin\u0117s transporto priemon\u0117s | %%%%<\/title>\n<meta name=\"description\" content=\"&quot;Xirgo&quot; teikia lengv\u0173j\u0173 komercini\u0173 transporto priemoni\u0173 valdymo paslaugas automobili\u0173 parkams. Padidinkite produktyvum\u0105. Pagerinkite vairuotojo darb\u0105. Steb\u0117kite \u012frang\u0105.\" \/>\n<meta name=\"robots\" content=\"index, follow, max-snippet:-1, max-image-preview:large, max-video-preview:-1\" \/>\n<link rel=\"canonical\" href=\"https:\/\/xirgoglobal.com\/lt\/pramones-sakos\/komercinio-parko-ir-darbo-sunkvezimiai\/\" \/>\n<meta property=\"og:locale\" content=\"lt_LT\" \/>\n<meta property=\"og:type\" content=\"article\" \/>\n<meta property=\"og:title\" content=\"Lengvosios komercin\u0117s transporto priemon\u0117s | %%%%\" \/>\n<meta property=\"og:description\" content=\"&quot;Xirgo&quot; teikia lengv\u0173j\u0173 komercini\u0173 transporto priemoni\u0173 valdymo paslaugas automobili\u0173 parkams. Padidinkite produktyvum\u0105. Pagerinkite vairuotojo darb\u0105. Steb\u0117kite \u012frang\u0105.\" \/>\n<meta property=\"og:url\" content=\"https:\/\/xirgoglobal.com\/lt\/pramones-sakos\/komercinio-parko-ir-darbo-sunkvezimiai\/\" \/>\n<meta property=\"og:site_name\" content=\"Xirgo Global\" \/>\n<meta property=\"article:modified_time\" content=\"2026-01-19T09:08:52+00:00\" \/>\n<meta property=\"og:image\" content=\"https:\/\/xirgoglobal.com\/wp-content\/uploads\/2025\/07\/hero-light-commercial.webp\" \/>\n\t<meta property=\"og:image:width\" content=\"1214\" \/>\n\t<meta property=\"og:image:height\" content=\"557\" \/>\n\t<meta property=\"og:image:type\" content=\"image\/webp\" \/>\n<meta name=\"twitter:card\" content=\"summary_large_image\" \/>\n<script type=\"application\/ld+json\" class=\"yoast-schema-graph\">{\"@context\":\"https:\\\/\\\/schema.org\",\"@graph\":[{\"@type\":\"WebPage\",\"@id\":\"https:\\\/\\\/xirgoglobal.com\\\/lt\\\/pramones-sakos\\\/komercinio-parko-ir-darbo-sunkvezimiai\\\/\",\"url\":\"https:\\\/\\\/xirgoglobal.com\\\/lt\\\/pramones-sakos\\\/komercinio-parko-ir-darbo-sunkvezimiai\\\/\",\"name\":\"Lengvosios komercin\u0117s transporto priemon\u0117s | %%%%\",\"isPartOf\":{\"@id\":\"https:\\\/\\\/xirgoglobal.com\\\/lt\\\/#website\"},\"primaryImageOfPage\":{\"@id\":\"https:\\\/\\\/xirgoglobal.com\\\/lt\\\/pramones-sakos\\\/komercinio-parko-ir-darbo-sunkvezimiai\\\/#primaryimage\"},\"image\":{\"@id\":\"https:\\\/\\\/xirgoglobal.com\\\/lt\\\/pramones-sakos\\\/komercinio-parko-ir-darbo-sunkvezimiai\\\/#primaryimage\"},\"thumbnailUrl\":\"https:\\\/\\\/xirgoglobal.com\\\/wp-content\\\/uploads\\\/2025\\\/07\\\/hero-light-commercial.webp\",\"datePublished\":\"2025-02-04T19:40:39+00:00\",\"dateModified\":\"2026-01-19T09:08:52+00:00\",\"description\":\"\\\"Xirgo\\\" teikia lengv\u0173j\u0173 komercini\u0173 transporto priemoni\u0173 valdymo paslaugas automobili\u0173 parkams. Padidinkite produktyvum\u0105. Pagerinkite vairuotojo darb\u0105. Steb\u0117kite \u012frang\u0105.\",\"breadcrumb\":{\"@id\":\"https:\\\/\\\/xirgoglobal.com\\\/lt\\\/pramones-sakos\\\/komercinio-parko-ir-darbo-sunkvezimiai\\\/#breadcrumb\"},\"inLanguage\":\"lt-LT\",\"potentialAction\":[{\"@type\":\"ReadAction\",\"target\":[\"https:\\\/\\\/xirgoglobal.com\\\/lt\\\/pramones-sakos\\\/komercinio-parko-ir-darbo-sunkvezimiai\\\/\"]}]},{\"@type\":\"ImageObject\",\"inLanguage\":\"lt-LT\",\"@id\":\"https:\\\/\\\/xirgoglobal.com\\\/lt\\\/pramones-sakos\\\/komercinio-parko-ir-darbo-sunkvezimiai\\\/#primaryimage\",\"url\":\"https:\\\/\\\/xirgoglobal.com\\\/wp-content\\\/uploads\\\/2025\\\/07\\\/hero-light-commercial.webp\",\"contentUrl\":\"https:\\\/\\\/xirgoglobal.com\\\/wp-content\\\/uploads\\\/2025\\\/07\\\/hero-light-commercial.webp\",\"width\":1214,\"height\":557},{\"@type\":\"BreadcrumbList\",\"@id\":\"https:\\\/\\\/xirgoglobal.com\\\/lt\\\/pramones-sakos\\\/komercinio-parko-ir-darbo-sunkvezimiai\\\/#breadcrumb\",\"itemListElement\":[{\"@type\":\"ListItem\",\"position\":1,\"name\":\"Home\",\"item\":\"https:\\\/\\\/xirgoglobal.com\\\/lt\\\/\"},{\"@type\":\"ListItem\",\"position\":2,\"name\":\"Sprendimai\",\"item\":\"https:\\\/\\\/xirgoglobal.com\\\/lt\\\/pramones-sakos\\\/\"},{\"@type\":\"ListItem\",\"position\":3,\"name\":\"Lengvosios komercin\u0117s transporto priemon\u0117s\"}]},{\"@type\":\"WebSite\",\"@id\":\"https:\\\/\\\/xirgoglobal.com\\\/lt\\\/#website\",\"url\":\"https:\\\/\\\/xirgoglobal.com\\\/lt\\\/\",\"name\":\"Xirgo Global\",\"description\":\"\",\"potentialAction\":[{\"@type\":\"SearchAction\",\"target\":{\"@type\":\"EntryPoint\",\"urlTemplate\":\"https:\\\/\\\/xirgoglobal.com\\\/lt\\\/?s={search_term_string}\"},\"query-input\":{\"@type\":\"PropertyValueSpecification\",\"valueRequired\":true,\"valueName\":\"search_term_string\"}}],\"inLanguage\":\"lt-LT\"}]}<\/script>\n<!-- \/ Yoast SEO plugin. -->","yoast_head_json":{"title":"Lengvosios komercin\u0117s transporto priemon\u0117s | %%%%","description":"\"Xirgo\" teikia lengv\u0173j\u0173 komercini\u0173 transporto priemoni\u0173 valdymo paslaugas automobili\u0173 parkams. Padidinkite produktyvum\u0105. Pagerinkite vairuotojo darb\u0105. Steb\u0117kite \u012frang\u0105.","robots":{"index":"index","follow":"follow","max-snippet":"max-snippet:-1","max-image-preview":"max-image-preview:large","max-video-preview":"max-video-preview:-1"},"canonical":"https:\/\/xirgoglobal.com\/lt\/pramones-sakos\/komercinio-parko-ir-darbo-sunkvezimiai\/","og_locale":"lt_LT","og_type":"article","og_title":"Lengvosios komercin\u0117s transporto priemon\u0117s | %%%%","og_description":"\"Xirgo\" teikia lengv\u0173j\u0173 komercini\u0173 transporto priemoni\u0173 valdymo paslaugas automobili\u0173 parkams. Padidinkite produktyvum\u0105. Pagerinkite vairuotojo darb\u0105. Steb\u0117kite \u012frang\u0105.","og_url":"https:\/\/xirgoglobal.com\/lt\/pramones-sakos\/komercinio-parko-ir-darbo-sunkvezimiai\/","og_site_name":"Xirgo Global","article_modified_time":"2026-01-19T09:08:52+00:00","og_image":[{"width":1214,"height":557,"url":"https:\/\/xirgoglobal.com\/wp-content\/uploads\/2025\/07\/hero-light-commercial.webp","type":"image\/webp"}],"twitter_card":"summary_large_image","schema":{"@context":"https:\/\/schema.org","@graph":[{"@type":"WebPage","@id":"https:\/\/xirgoglobal.com\/lt\/pramones-sakos\/komercinio-parko-ir-darbo-sunkvezimiai\/","url":"https:\/\/xirgoglobal.com\/lt\/pramones-sakos\/komercinio-parko-ir-darbo-sunkvezimiai\/","name":"Lengvosios komercin\u0117s transporto priemon\u0117s | %%%%","isPartOf":{"@id":"https:\/\/xirgoglobal.com\/lt\/#website"},"primaryImageOfPage":{"@id":"https:\/\/xirgoglobal.com\/lt\/pramones-sakos\/komercinio-parko-ir-darbo-sunkvezimiai\/#primaryimage"},"image":{"@id":"https:\/\/xirgoglobal.com\/lt\/pramones-sakos\/komercinio-parko-ir-darbo-sunkvezimiai\/#primaryimage"},"thumbnailUrl":"https:\/\/xirgoglobal.com\/wp-content\/uploads\/2025\/07\/hero-light-commercial.webp","datePublished":"2025-02-04T19:40:39+00:00","dateModified":"2026-01-19T09:08:52+00:00","description":"\"Xirgo\" teikia lengv\u0173j\u0173 komercini\u0173 transporto priemoni\u0173 valdymo paslaugas automobili\u0173 parkams. Padidinkite produktyvum\u0105. Pagerinkite vairuotojo darb\u0105. Steb\u0117kite \u012frang\u0105.","breadcrumb":{"@id":"https:\/\/xirgoglobal.com\/lt\/pramones-sakos\/komercinio-parko-ir-darbo-sunkvezimiai\/#breadcrumb"},"inLanguage":"lt-LT","potentialAction":[{"@type":"ReadAction","target":["https:\/\/xirgoglobal.com\/lt\/pramones-sakos\/komercinio-parko-ir-darbo-sunkvezimiai\/"]}]},{"@type":"ImageObject","inLanguage":"lt-LT","@id":"https:\/\/xirgoglobal.com\/lt\/pramones-sakos\/komercinio-parko-ir-darbo-sunkvezimiai\/#primaryimage","url":"https:\/\/xirgoglobal.com\/wp-content\/uploads\/2025\/07\/hero-light-commercial.webp","contentUrl":"https:\/\/xirgoglobal.com\/wp-content\/uploads\/2025\/07\/hero-light-commercial.webp","width":1214,"height":557},{"@type":"BreadcrumbList","@id":"https:\/\/xirgoglobal.com\/lt\/pramones-sakos\/komercinio-parko-ir-darbo-sunkvezimiai\/#breadcrumb","itemListElement":[{"@type":"ListItem","position":1,"name":"Home","item":"https:\/\/xirgoglobal.com\/lt\/"},{"@type":"ListItem","position":2,"name":"Sprendimai","item":"https:\/\/xirgoglobal.com\/lt\/pramones-sakos\/"},{"@type":"ListItem","position":3,"name":"Lengvosios komercin\u0117s transporto priemon\u0117s"}]},{"@type":"WebSite","@id":"https:\/\/xirgoglobal.com\/lt\/#website","url":"https:\/\/xirgoglobal.com\/lt\/","name":"Xirgo Global","description":"","potentialAction":[{"@type":"SearchAction","target":{"@type":"EntryPoint","urlTemplate":"https:\/\/xirgoglobal.com\/lt\/?s={search_term_string}"},"query-input":{"@type":"PropertyValueSpecification","valueRequired":true,"valueName":"search_term_string"}}],"inLanguage":"lt-LT"}]}},"_links":{"self":[{"href":"https:\/\/xirgoglobal.com\/lt\/wp-json\/wp\/v2\/pages\/3152","targetHints":{"allow":["GET"]}}],"collection":[{"href":"https:\/\/xirgoglobal.com\/lt\/wp-json\/wp\/v2\/pages"}],"about":[{"href":"https:\/\/xirgoglobal.com\/lt\/wp-json\/wp\/v2\/types\/page"}],"author":[{"embeddable":true,"href":"https:\/\/xirgoglobal.com\/lt\/wp-json\/wp\/v2\/users\/2"}],"replies":[{"embeddable":true,"href":"https:\/\/xirgoglobal.com\/lt\/wp-json\/wp\/v2\/comments?post=3152"}],"version-history":[{"count":1,"href":"https:\/\/xirgoglobal.com\/lt\/wp-json\/wp\/v2\/pages\/3152\/revisions"}],"predecessor-version":[{"id":5101,"href":"https:\/\/xirgoglobal.com\/lt\/wp-json\/wp\/v2\/pages\/3152\/revisions\/5101"}],"up":[{"embeddable":true,"href":"https:\/\/xirgoglobal.com\/lt\/wp-json\/wp\/v2\/pages\/3175"}],"wp:featuredmedia":[{"embeddable":true,"href":"https:\/\/xirgoglobal.com\/lt\/wp-json\/wp\/v2\/media\/4000"}],"wp:attachment":[{"href":"https:\/\/xirgoglobal.com\/lt\/wp-json\/wp\/v2\/media?parent=3152"}],"wp:term":[{"taxonomy":"hf_cat_page","embeddable":true,"href":"https:\/\/xirgoglobal.com\/lt\/wp-json\/wp\/v2\/hf_cat_page?post=3152"}],"curies":[{"name":"wp","href":"https:\/\/api.w.org\/{rel}","templated":true}]}}