{"id":3093,"date":"2025-02-07T13:20:59","date_gmt":"2025-02-07T19:20:59","guid":{"rendered":"http:\/\/xirgoglobal.com\/karjera\/"},"modified":"2025-09-17T08:42:06","modified_gmt":"2025-09-17T13:42:06","slug":"karjera","status":"publish","type":"page","link":"https:\/\/xirgoglobal.com\/lt\/karjera\/","title":{"rendered":"Karjera"},"content":{"rendered":"","protected":false},"excerpt":{"rendered":"","protected":false},"author":2,"featured_media":4697,"parent":0,"menu_order":0,"comment_status":"closed","ping_status":"closed","template":"","meta":{"_acf_changed":false,"footnotes":""},"hf_cat_page":[],"class_list":["post-3093","page","type-page","status-publish","has-post-thumbnail","hentry"],"acf":[],"yoast_head":"<!-- This site is optimized with the Yoast SEO plugin v27.4 - https:\/\/yoast.com\/product\/yoast-seo-wordpress\/ -->\n<title>Atraskite \u012fdomi\u0173 ir \u012fkvepian\u010di\u0173 karjeros galimybi\u0173 | Xirgo Global<\/title>\n<meta name=\"description\" content=\"Esame pakankamai dideli, kad gal\u0117tume konkuruoti su did\u017eiausiais, ir pakankamai ma\u017ei, kad j\u016bs\u0173 darbas gal\u0117t\u0173 daryti matom\u0105 ir reik\u0161ming\u0105 poveik\u012f.\" \/>\n<meta name=\"robots\" content=\"index, follow, max-snippet:-1, max-image-preview:large, max-video-preview:-1\" \/>\n<link rel=\"canonical\" href=\"https:\/\/xirgoglobal.com\/lt\/karjera\/\" \/>\n<meta property=\"og:locale\" content=\"lt_LT\" \/>\n<meta property=\"og:type\" content=\"article\" \/>\n<meta property=\"og:title\" content=\"Atraskite \u012fdomi\u0173 ir \u012fkvepian\u010di\u0173 karjeros galimybi\u0173 | Xirgo Global\" \/>\n<meta property=\"og:description\" content=\"Esame pakankamai dideli, kad gal\u0117tume konkuruoti su did\u017eiausiais, ir pakankamai ma\u017ei, kad j\u016bs\u0173 darbas gal\u0117t\u0173 daryti matom\u0105 ir reik\u0161ming\u0105 poveik\u012f.\" \/>\n<meta property=\"og:url\" content=\"https:\/\/xirgoglobal.com\/lt\/karjera\/\" \/>\n<meta property=\"og:site_name\" content=\"Xirgo Global\" \/>\n<meta property=\"article:modified_time\" content=\"2025-09-17T13:42:06+00:00\" \/>\n<meta property=\"og:image\" content=\"https:\/\/xirgoglobal.com\/wp-content\/uploads\/2025\/07\/Careers-hero.webp\" \/>\n\t<meta property=\"og:image:width\" content=\"1433\" \/>\n\t<meta property=\"og:image:height\" content=\"600\" \/>\n\t<meta property=\"og:image:type\" content=\"image\/webp\" \/>\n<meta name=\"twitter:card\" content=\"summary_large_image\" \/>\n<script type=\"application\/ld+json\" class=\"yoast-schema-graph\">{\"@context\":\"https:\\\/\\\/schema.org\",\"@graph\":[{\"@type\":\"WebPage\",\"@id\":\"https:\\\/\\\/xirgoglobal.com\\\/lt\\\/karjera\\\/\",\"url\":\"https:\\\/\\\/xirgoglobal.com\\\/lt\\\/karjera\\\/\",\"name\":\"Atraskite \u012fdomi\u0173 ir \u012fkvepian\u010di\u0173 karjeros galimybi\u0173 | Xirgo Global\",\"isPartOf\":{\"@id\":\"https:\\\/\\\/xirgoglobal.com\\\/lt\\\/#website\"},\"primaryImageOfPage\":{\"@id\":\"https:\\\/\\\/xirgoglobal.com\\\/lt\\\/karjera\\\/#primaryimage\"},\"image\":{\"@id\":\"https:\\\/\\\/xirgoglobal.com\\\/lt\\\/karjera\\\/#primaryimage\"},\"thumbnailUrl\":\"https:\\\/\\\/xirgoglobal.com\\\/wp-content\\\/uploads\\\/2025\\\/07\\\/Careers-hero.webp\",\"datePublished\":\"2025-02-07T19:20:59+00:00\",\"dateModified\":\"2025-09-17T13:42:06+00:00\",\"description\":\"Esame pakankamai dideli, kad gal\u0117tume konkuruoti su did\u017eiausiais, ir pakankamai ma\u017ei, kad j\u016bs\u0173 darbas gal\u0117t\u0173 daryti matom\u0105 ir reik\u0161ming\u0105 poveik\u012f.\",\"breadcrumb\":{\"@id\":\"https:\\\/\\\/xirgoglobal.com\\\/lt\\\/karjera\\\/#breadcrumb\"},\"inLanguage\":\"lt-LT\",\"potentialAction\":[{\"@type\":\"ReadAction\",\"target\":[\"https:\\\/\\\/xirgoglobal.com\\\/lt\\\/karjera\\\/\"]}]},{\"@type\":\"ImageObject\",\"inLanguage\":\"lt-LT\",\"@id\":\"https:\\\/\\\/xirgoglobal.com\\\/lt\\\/karjera\\\/#primaryimage\",\"url\":\"https:\\\/\\\/xirgoglobal.com\\\/wp-content\\\/uploads\\\/2025\\\/07\\\/Careers-hero.webp\",\"contentUrl\":\"https:\\\/\\\/xirgoglobal.com\\\/wp-content\\\/uploads\\\/2025\\\/07\\\/Careers-hero.webp\",\"width\":1433,\"height\":600},{\"@type\":\"BreadcrumbList\",\"@id\":\"https:\\\/\\\/xirgoglobal.com\\\/lt\\\/karjera\\\/#breadcrumb\",\"itemListElement\":[{\"@type\":\"ListItem\",\"position\":1,\"name\":\"Home\",\"item\":\"https:\\\/\\\/xirgoglobal.com\\\/lt\\\/\"},{\"@type\":\"ListItem\",\"position\":2,\"name\":\"Karjera\"}]},{\"@type\":\"WebSite\",\"@id\":\"https:\\\/\\\/xirgoglobal.com\\\/lt\\\/#website\",\"url\":\"https:\\\/\\\/xirgoglobal.com\\\/lt\\\/\",\"name\":\"Xirgo Global\",\"description\":\"\",\"potentialAction\":[{\"@type\":\"SearchAction\",\"target\":{\"@type\":\"EntryPoint\",\"urlTemplate\":\"https:\\\/\\\/xirgoglobal.com\\\/lt\\\/?s={search_term_string}\"},\"query-input\":{\"@type\":\"PropertyValueSpecification\",\"valueRequired\":true,\"valueName\":\"search_term_string\"}}],\"inLanguage\":\"lt-LT\"}]}<\/script>\n<!-- \/ Yoast SEO plugin. -->","yoast_head_json":{"title":"Atraskite \u012fdomi\u0173 ir \u012fkvepian\u010di\u0173 karjeros galimybi\u0173 | Xirgo Global","description":"Esame pakankamai dideli, kad gal\u0117tume konkuruoti su did\u017eiausiais, ir pakankamai ma\u017ei, kad j\u016bs\u0173 darbas gal\u0117t\u0173 daryti matom\u0105 ir reik\u0161ming\u0105 poveik\u012f.","robots":{"index":"index","follow":"follow","max-snippet":"max-snippet:-1","max-image-preview":"max-image-preview:large","max-video-preview":"max-video-preview:-1"},"canonical":"https:\/\/xirgoglobal.com\/lt\/karjera\/","og_locale":"lt_LT","og_type":"article","og_title":"Atraskite \u012fdomi\u0173 ir \u012fkvepian\u010di\u0173 karjeros galimybi\u0173 | Xirgo Global","og_description":"Esame pakankamai dideli, kad gal\u0117tume konkuruoti su did\u017eiausiais, ir pakankamai ma\u017ei, kad j\u016bs\u0173 darbas gal\u0117t\u0173 daryti matom\u0105 ir reik\u0161ming\u0105 poveik\u012f.","og_url":"https:\/\/xirgoglobal.com\/lt\/karjera\/","og_site_name":"Xirgo Global","article_modified_time":"2025-09-17T13:42:06+00:00","og_image":[{"width":1433,"height":600,"url":"https:\/\/xirgoglobal.com\/wp-content\/uploads\/2025\/07\/Careers-hero.webp","type":"image\/webp"}],"twitter_card":"summary_large_image","schema":{"@context":"https:\/\/schema.org","@graph":[{"@type":"WebPage","@id":"https:\/\/xirgoglobal.com\/lt\/karjera\/","url":"https:\/\/xirgoglobal.com\/lt\/karjera\/","name":"Atraskite \u012fdomi\u0173 ir \u012fkvepian\u010di\u0173 karjeros galimybi\u0173 | Xirgo Global","isPartOf":{"@id":"https:\/\/xirgoglobal.com\/lt\/#website"},"primaryImageOfPage":{"@id":"https:\/\/xirgoglobal.com\/lt\/karjera\/#primaryimage"},"image":{"@id":"https:\/\/xirgoglobal.com\/lt\/karjera\/#primaryimage"},"thumbnailUrl":"https:\/\/xirgoglobal.com\/wp-content\/uploads\/2025\/07\/Careers-hero.webp","datePublished":"2025-02-07T19:20:59+00:00","dateModified":"2025-09-17T13:42:06+00:00","description":"Esame pakankamai dideli, kad gal\u0117tume konkuruoti su did\u017eiausiais, ir pakankamai ma\u017ei, kad j\u016bs\u0173 darbas gal\u0117t\u0173 daryti matom\u0105 ir reik\u0161ming\u0105 poveik\u012f.","breadcrumb":{"@id":"https:\/\/xirgoglobal.com\/lt\/karjera\/#breadcrumb"},"inLanguage":"lt-LT","potentialAction":[{"@type":"ReadAction","target":["https:\/\/xirgoglobal.com\/lt\/karjera\/"]}]},{"@type":"ImageObject","inLanguage":"lt-LT","@id":"https:\/\/xirgoglobal.com\/lt\/karjera\/#primaryimage","url":"https:\/\/xirgoglobal.com\/wp-content\/uploads\/2025\/07\/Careers-hero.webp","contentUrl":"https:\/\/xirgoglobal.com\/wp-content\/uploads\/2025\/07\/Careers-hero.webp","width":1433,"height":600},{"@type":"BreadcrumbList","@id":"https:\/\/xirgoglobal.com\/lt\/karjera\/#breadcrumb","itemListElement":[{"@type":"ListItem","position":1,"name":"Home","item":"https:\/\/xirgoglobal.com\/lt\/"},{"@type":"ListItem","position":2,"name":"Karjera"}]},{"@type":"WebSite","@id":"https:\/\/xirgoglobal.com\/lt\/#website","url":"https:\/\/xirgoglobal.com\/lt\/","name":"Xirgo Global","description":"","potentialAction":[{"@type":"SearchAction","target":{"@type":"EntryPoint","urlTemplate":"https:\/\/xirgoglobal.com\/lt\/?s={search_term_string}"},"query-input":{"@type":"PropertyValueSpecification","valueRequired":true,"valueName":"search_term_string"}}],"inLanguage":"lt-LT"}]}},"_links":{"self":[{"href":"https:\/\/xirgoglobal.com\/lt\/wp-json\/wp\/v2\/pages\/3093","targetHints":{"allow":["GET"]}}],"collection":[{"href":"https:\/\/xirgoglobal.com\/lt\/wp-json\/wp\/v2\/pages"}],"about":[{"href":"https:\/\/xirgoglobal.com\/lt\/wp-json\/wp\/v2\/types\/page"}],"author":[{"embeddable":true,"href":"https:\/\/xirgoglobal.com\/lt\/wp-json\/wp\/v2\/users\/2"}],"replies":[{"embeddable":true,"href":"https:\/\/xirgoglobal.com\/lt\/wp-json\/wp\/v2\/comments?post=3093"}],"version-history":[{"count":2,"href":"https:\/\/xirgoglobal.com\/lt\/wp-json\/wp\/v2\/pages\/3093\/revisions"}],"predecessor-version":[{"id":5036,"href":"https:\/\/xirgoglobal.com\/lt\/wp-json\/wp\/v2\/pages\/3093\/revisions\/5036"}],"wp:featuredmedia":[{"embeddable":true,"href":"https:\/\/xirgoglobal.com\/lt\/wp-json\/wp\/v2\/media\/4697"}],"wp:attachment":[{"href":"https:\/\/xirgoglobal.com\/lt\/wp-json\/wp\/v2\/media?parent=3093"}],"wp:term":[{"taxonomy":"hf_cat_page","embeddable":true,"href":"https:\/\/xirgoglobal.com\/lt\/wp-json\/wp\/v2\/hf_cat_page?post=3093"}],"curies":[{"name":"wp","href":"https:\/\/api.w.org\/{rel}","templated":true}]}}